{"id":368,"date":"2018-10-26T13:20:16","date_gmt":"2018-10-26T11:20:16","guid":{"rendered":"http:\/\/k-ross.beebox.de\/cms\/?page_id=368"},"modified":"2018-12-27T15:46:36","modified_gmt":"2018-12-27T14:46:36","slug":"tinnitus-entstehung","status":"publish","type":"page","link":"https:\/\/www.hno-tinnitus-freiburg.de\/cms\/tinnitus-therapie\/tinnitus-entstehung\/","title":{"rendered":"Tinnitus-Entstehung"},"content":{"rendered":"<p>[et_pb_section bb_built=&#8220;1&#8243; next_background_color=&#8220;#ffffff&#8220; _builder_version=&#8220;3.17.4&#8243; background_color=&#8220;rgba(255,179,86,0.75)&#8220; background_image=&#8220;https:\/\/www.hno-tinnitus-freiburg.de\/cms\/wp-content\/uploads\/2018\/10\/Tinitus-1920&#215;820.jpg&#8220;][et_pb_row _builder_version=&#8220;3.17.6&#8243; module_alignment=&#8220;center&#8220;][et_pb_column type=&#8220;4_4&#8243;][et_pb_text _builder_version=&#8220;3.17.6&#8243; header_2_font=&#8220;Lato|900||on|||||&#8220; header_2_text_color=&#8220;#ffffff&#8220; header_2_letter_spacing=&#8220;4px&#8220; header_2_line_height=&#8220;1.2em&#8220;]<\/p>\n<h2 style=\"text-align: left;\">Tinnitus-Entstehung<\/h2>\n<p>[\/et_pb_text][\/et_pb_column][\/et_pb_row][\/et_pb_section][et_pb_section bb_built=&#8220;1&#8243; admin_label=&#8220;About Me&#8220; _builder_version=&#8220;3.17.4&#8243; background_color=&#8220;#ffffff&#8220; custom_padding=&#8220;||50px|&#8220; bottom_divider_flip=&#8220;horizontal&#8220; custom_padding_last_edited=&#8220;on|tablet&#8220; prev_background_color=&#8220;rgba(255,179,86,0.75)&#8220; next_background_color=&#8220;#000000&#8243;][et_pb_row _builder_version=&#8220;3.17.6&#8243;][et_pb_column type=&#8220;1_2&#8243;][et_pb_text admin_label=&#8220;Title&#8220; _builder_version=&#8220;3.17.4&#8243; text_font=&#8220;|900|||||||&#8220; header_2_font=&#8220;Lato|900||on|||||&#8220; header_2_text_color=&#8220;#5e5e5e&#8220; header_2_letter_spacing=&#8220;2px&#8220; header_2_line_height=&#8220;1.2em&#8220; header_6_font=&#8220;Lato|700|||||||&#8220; header_6_text_color=&#8220;#737a7a&#8220; header_6_font_size=&#8220;18px&#8220; header_6_letter_spacing=&#8220;1px&#8220; header_6_line_height=&#8220;1.8em&#8220; max_width=&#8220;600px&#8220; module_alignment=&#8220;left&#8220; custom_margin=&#8220;0px||30px|&#8220; custom_padding=&#8220;|||&#8220; custom_padding_tablet=&#8220;|0vw||0vw||true&#8220; custom_padding_phone=&#8220;|||||false&#8220; custom_padding_last_edited=&#8220;off|desktop&#8220; animation_style=&#8220;slide&#8220; animation_direction=&#8220;bottom&#8220; animation_intensity_slide=&#8220;5%&#8220; header_font_size=&#8220;20px&#8220; header_2_font_size=&#8220;20px&#8220;]<\/p>\n<h2>Tinnitus <br \/>ist ein Symptom<\/h2>\n<p>[\/et_pb_text][et_pb_text _builder_version=&#8220;3.17.6&#8243; text_font=&#8220;Lato||||||||&#8220; text_font_size=&#8220;16px&#8220; text_line_height=&#8220;1.8em&#8220; link_font=&#8220;|700|||||||&#8220; ul_line_height=&#8220;1.8em&#8220; header_2_font=&#8220;Lato|700|||||||&#8220; header_2_font_size=&#8220;30px&#8220; header_2_font_size_phone=&#8220;22px&#8220; header_2_font_size_last_edited=&#8220;on|phone&#8220; header_2_letter_spacing=&#8220;1px&#8220; header_2_line_height=&#8220;1.5em&#8220; custom_margin=&#8220;||0px|&#8220; animation_style=&#8220;slide&#8220; animation_direction=&#8220;bottom&#8220; animation_intensity_slide=&#8220;5%&#8220; link_option_url_new_window=&#8220;on&#8220;]<\/p>\n<p>f\u00fcr dessen Entstehung vielf\u00e4ltige Ursachen innerhalb des H\u00f6rsystems beschrieben sind (siehe Tabelle). Wichtig vor jeder Behandlung, ist daher die eingehende <a href=\"https:\/\/www.hno-tinnitus-freiburg.de\/cms\/tinnitus-therapie\/voruntersuchung\/\"><strong>Untersuchung<\/strong> <\/a>in Regie des Hals-Nasen-Ohren-Arztes.<\/p>\n<p>Rein formal gibt es ausl\u00f6sende Ursachen f\u00fcr das Tinnitus-Signal, die meist im Innenohr, im H\u00f6rnerven im H\u00f6rgehirn oder au\u00dferhalb des H\u00f6rsinnessystems gelegen sind (z.B. Halswirbels\u00e4ulen- und Kiefergelenkserkrankungen). Einige dieser Ursachen lassen sich in konventioneller Weise medizinisch erfolgreich behandeln (z.B. akute H\u00f6rminderung, Otosklerose).<\/p>\n<p>Oft l\u00e4sst sich eine ausl\u00f6sende Ursache f\u00fcr den Tinnitus nicht finden. In diesen F\u00e4llen zielt die Therapie auf die gut beeinflussbaren, aufrechterhaltenden Ursachen ab, die in der komplexen Funktionsweise unseres H\u00f6rsystems und seiner Verschaltungen im Gehirn begr\u00fcndet sind.<\/p>\n<p>[\/et_pb_text][\/et_pb_column][et_pb_column type=&#8220;1_2&#8243;][et_pb_text admin_label=&#8220;Title&#8220; _builder_version=&#8220;3.17.4&#8243; text_font=&#8220;|900|||||||&#8220; header_2_font=&#8220;Lato|900||on|||||&#8220; header_2_text_color=&#8220;#5e5e5e&#8220; header_2_letter_spacing=&#8220;2px&#8220; header_2_line_height=&#8220;1.2em&#8220; header_6_font=&#8220;Lato|700|||||||&#8220; header_6_text_color=&#8220;#737a7a&#8220; header_6_font_size=&#8220;18px&#8220; header_6_letter_spacing=&#8220;1px&#8220; header_6_line_height=&#8220;1.8em&#8220; max_width=&#8220;600px&#8220; module_alignment=&#8220;left&#8220; custom_margin=&#8220;0px||30px|&#8220; custom_padding=&#8220;|||&#8220; custom_padding_tablet=&#8220;|0vw||0vw||true&#8220; custom_padding_phone=&#8220;|||||false&#8220; custom_padding_last_edited=&#8220;off|desktop&#8220; animation_style=&#8220;slide&#8220; animation_direction=&#8220;bottom&#8220; animation_intensity_slide=&#8220;5%&#8220; header_font_size=&#8220;20px&#8220; header_2_font_size=&#8220;20px&#8220;]<\/p>\n<h2>Ausl\u00f6sende Ursachen <br \/>f\u00fcr subjektiven Tinnitus<\/h2>\n<p>[\/et_pb_text][et_pb_text admin_label=&#8220;Text Ursachen&#8220; _builder_version=&#8220;3.19.1&#8243; text_font=&#8220;Lato||||||||&#8220; text_font_size=&#8220;16px&#8220; text_line_height=&#8220;1.8em&#8220; link_font=&#8220;|700|||||||&#8220; link_text_color=&#8220;#ffffff&#8220; ul_line_height=&#8220;1.8em&#8220; header_2_font=&#8220;Lato|700|||||||&#8220; header_2_font_size=&#8220;30px&#8220; header_2_font_size_phone=&#8220;22px&#8220; header_2_font_size_last_edited=&#8220;on|phone&#8220; header_2_letter_spacing=&#8220;1px&#8220; header_2_line_height=&#8220;1.5em&#8220; custom_margin=&#8220;||0px|&#8220; animation_style=&#8220;slide&#8220; animation_direction=&#8220;bottom&#8220; animation_intensity_slide=&#8220;5%&#8220;]<\/p>\n<ul>\n<li>akute H\u00f6rminderung (sog. H\u00f6rsturz)<\/li>\n<li>akuter oder chronischr L\u00e4rmschaden<\/li>\n<li>Meni\u00e8rsche Krankheit<\/li>\n<li>Kopfunfall mit \/ ohne Sch\u00e4delbruch<\/li>\n<li>Halswirbels\u00e4ulen-Erkrankungen (Blockierungen, Schleudertrauma)<\/li>\n<li>Otosklerose<\/li>\n<li>Innenohr-sch\u00e4digende Medikamente<\/li>\n<li>sonstige Innenohrsch\u00e4den<\/li>\n<li>Tumore des H\u00f6rnerven (Akustikusneurinome)<\/li>\n<li>Kiefergelenkserkrankungen<\/li>\n<li>Erkrankungen des Zentralnervensystems<\/li>\n<li>unbekannte Ursachen<\/li>\n<\/ul>\n<p>[\/et_pb_text][\/et_pb_column][\/et_pb_row][et_pb_row][et_pb_column type=&#8220;4_4&#8243;][et_pb_divider _builder_version=&#8220;3.17.4&#8243; \/][\/et_pb_column][\/et_pb_row][et_pb_row _builder_version=&#8220;3.4.1&#8243;][et_pb_column type=&#8220;1_2&#8243;][et_pb_text admin_label=&#8220;Was geschieht&#8220; _builder_version=&#8220;3.17.4&#8243; text_font=&#8220;|900|||||||&#8220; header_2_font=&#8220;Lato|900||on|||||&#8220; header_2_text_color=&#8220;#5e5e5e&#8220; header_2_letter_spacing=&#8220;2px&#8220; header_2_line_height=&#8220;1.2em&#8220; header_6_font=&#8220;Lato|700|||||||&#8220; header_6_text_color=&#8220;#737a7a&#8220; header_6_font_size=&#8220;18px&#8220; header_6_letter_spacing=&#8220;1px&#8220; header_6_line_height=&#8220;1.8em&#8220; max_width=&#8220;600px&#8220; module_alignment=&#8220;left&#8220; custom_margin=&#8220;0px||30px|&#8220; custom_padding=&#8220;|||&#8220; custom_padding_tablet=&#8220;|0vw||0vw||true&#8220; custom_padding_phone=&#8220;|||||false&#8220; custom_padding_last_edited=&#8220;off|desktop&#8220; animation_style=&#8220;slide&#8220; animation_direction=&#8220;bottom&#8220; animation_intensity_slide=&#8220;5%&#8220; header_font_size=&#8220;20px&#8220; header_2_font_size=&#8220;20px&#8220;]<\/p>\n<h2>Was geschieht bei anhaltend st\u00f6rendem Tinnitus im Gehirn?<\/h2>\n<p>[\/et_pb_text][et_pb_text _builder_version=&#8220;3.17.4&#8243; text_font=&#8220;Lato||||||||&#8220; text_font_size=&#8220;16px&#8220; text_line_height=&#8220;1.8em&#8220; link_font=&#8220;|700|||||||&#8220; link_text_color=&#8220;#ffffff&#8220; ul_line_height=&#8220;1.8em&#8220; header_2_font=&#8220;Lato|700|||||||&#8220; header_2_font_size=&#8220;30px&#8220; header_2_font_size_phone=&#8220;22px&#8220; header_2_font_size_last_edited=&#8220;on|phone&#8220; header_2_letter_spacing=&#8220;1px&#8220; header_2_line_height=&#8220;1.5em&#8220; custom_margin=&#8220;||0px|&#8220; animation_style=&#8220;slide&#8220; animation_direction=&#8220;bottom&#8220; animation_intensity_slide=&#8220;5%&#8220;]<\/p>\n<p>Wie wir heute wissen, spielen sich wesentliche Vorg\u00e4nge, die die Wahrnehmung des Tinnitus aufrechterhalten in denjenigen Regionen unseres Gehirns ab, die f\u00fcr das Denken und F\u00fchlen verantwortlich sind.<br \/>Anhaltend st\u00f6render Tinntus ist im Wesentlichen ein \u201eProblem der Bioinformatik\u201c, wie es ein Betroffener einmal treffend formulierte. Entscheidend f\u00fcr die st\u00f6rende, zumeist unwillk\u00fcrliche Hinwendung auf den Tinnitus ist seine gedanklich-emotionale \u201eF\u00e4rbung\u201c, die bei jedem Betroffenen unterschiedlich ist.<\/p>\n<p>Im Gehirn spielt sich dabei Folgendes ab: Durch eine ausl\u00f6sende Ursache im H\u00f6rssystem (siehe Tabelle) entsteht ein bioelektrisches Signal, das &#8211; ebenso wie ein durch einen \u00e4u\u00dferen Schallreiz entstandenes Signal &#8211; durch alle Instanzen der H\u00f6rbahn bis zur H\u00f6rrinde des Schl\u00e4fenlappens durchgeschaltet wird (siehe Abbildung).<\/p>\n<p>Wird dieses Signal dann von der zentralen Bewertungssinstanz unseres Gehirns, dem limbischen System, mit \u201enegativen\u201c Emotionen wie Angst, Aggression oder Traurigkeit belegt, ist der Weg zur wiederkehrenden Aufmerksamkeitsfokussierung auf dieses Signal gebahnt. Die negative emotionale \u201eF\u00e4rbung\u201c dieser H\u00f6rwahrnehmung sorgt daf\u00fcr, dass H\u00f6rfilter \u00fcber die aufmerksamkeitssteuernde Instanz des Mittelhirns (Formatio reticularis) weiterhin f\u00fcr diese Signale offen bleiben \u2013 auch f\u00fcr sonst unterschwellige Nervenimpulse der H\u00f6rbahn, die normaler Weise nicht bewusst werden. So kann dieser Signalverarbeitungsprozess im Verlauf auch zu einer vermehrten Ger\u00e4uschempfindlichkeit (Hyperakusis) f\u00fchren.<\/p>\n<p>Wie ein Muskel, der trainiert wird und nachfolgend Umfang und Dichte \u00e4ndert, kommt es zu einer tinnitus-relevanten Umorganisation von Nervenzellverb\u00e4nden im Gehirn, die sich heute mit sehr aufw\u00e4ndigen Untersuchungsmethoden (PET, MEG u.a.) nachweisen l\u00e4sst. Die genannten Vorg\u00e4nge ereignen sich auch bei jedem anders gearteten komplexen Lernvorgang, sind vom Ablauf her also nicht tinnitusspezifisch.<\/p>\n<p>[\/et_pb_text][\/et_pb_column][et_pb_column type=&#8220;1_2&#8243;][et_pb_image _builder_version=&#8220;3.17.4&#8243; src=&#8220;https:\/\/www.hno-tinnitus-freiburg.de\/cms\/wp-content\/uploads\/2018\/11\/Grafik-Innenohr.jpg&#8220; \/][et_pb_text _builder_version=&#8220;3.17.4&#8243; text_font=&#8220;Lato||||||||&#8220; text_font_size=&#8220;16px&#8220; text_line_height=&#8220;1.8em&#8220; link_font=&#8220;|700|||||||&#8220; link_text_color=&#8220;#ffffff&#8220; ul_line_height=&#8220;1.8em&#8220; header_2_font=&#8220;Lato|700|||||||&#8220; header_2_font_size=&#8220;30px&#8220; header_2_font_size_phone=&#8220;22px&#8220; header_2_font_size_last_edited=&#8220;on|phone&#8220; header_2_letter_spacing=&#8220;1px&#8220; header_2_line_height=&#8220;1.5em&#8220; custom_margin=&#8220;||0px|&#8220; animation_style=&#8220;slide&#8220; animation_direction=&#8220;bottom&#8220; animation_intensity_slide=&#8220;5%&#8220;]<\/p>\n<p>Mit zunehmender Aufmerksamkeitsfokussierung auf den Tinnitus werden gesundheitsf\u00f6rdernde Wahrnehmungsinhalte und pers\u00f6nlche Ressourcen immer mehr ausgeblendet, was das Leiden an Tinnitus erheblich verst\u00e4rkt.<\/p>\n<p>[\/et_pb_text][et_pb_divider _builder_version=&#8220;3.17.4&#8243; custom_margin=&#8220;50px|||&#8220; \/][et_pb_text admin_label=&#8220;Ausblick&#8220; _builder_version=&#8220;3.17.4&#8243; text_font=&#8220;|900|||||||&#8220; header_2_font=&#8220;Lato|900||on|||||&#8220; header_2_text_color=&#8220;#5e5e5e&#8220; header_2_letter_spacing=&#8220;2px&#8220; header_2_line_height=&#8220;1.2em&#8220; header_6_font=&#8220;Lato|700|||||||&#8220; header_6_text_color=&#8220;#737a7a&#8220; header_6_font_size=&#8220;18px&#8220; header_6_letter_spacing=&#8220;1px&#8220; header_6_line_height=&#8220;1.8em&#8220; max_width=&#8220;600px&#8220; module_alignment=&#8220;left&#8220; custom_margin=&#8220;30px||30px||true|false&#8220; custom_padding=&#8220;|||&#8220; custom_padding_tablet=&#8220;|0vw||0vw||true&#8220; custom_padding_phone=&#8220;|||||false&#8220; custom_padding_last_edited=&#8220;off|desktop&#8220; animation_style=&#8220;slide&#8220; animation_direction=&#8220;bottom&#8220; animation_intensity_slide=&#8220;5%&#8220; header_font_size=&#8220;20px&#8220; header_2_font_size=&#8220;20px&#8220;]<\/p>\n<h2>Ausblick<\/h2>\n<p>[\/et_pb_text][et_pb_text _builder_version=&#8220;3.17.6&#8243; text_font=&#8220;Lato||||||||&#8220; text_font_size=&#8220;16px&#8220; text_line_height=&#8220;1.8em&#8220; link_font=&#8220;|700|||||||&#8220; ul_line_height=&#8220;1.8em&#8220; header_2_font=&#8220;Lato|700|||||||&#8220; header_2_font_size=&#8220;30px&#8220; header_2_font_size_phone=&#8220;22px&#8220; header_2_font_size_last_edited=&#8220;on|phone&#8220; header_2_letter_spacing=&#8220;1px&#8220; header_2_line_height=&#8220;1.5em&#8220; custom_margin=&#8220;||0px|&#8220; animation_style=&#8220;slide&#8220; animation_direction=&#8220;bottom&#8220; animation_intensity_slide=&#8220;5%&#8220;]<\/p>\n<p>Gl\u00fccklicherweise ist das menschliche Gehirn sehr flexibel und bis ins hohe Alter lernf\u00e4hig, so dass sich die st\u00f6rende Art der H\u00f6rverarbeitung auch bei chronischem Tinnitus mit Hilfe spezieller Lernprogramme w\u00e4hrend der <a href=\"https:\/\/www.hno-tinnitus-freiburg.de\/cms\/tinnitus-therapie\/therapie-angebote\/\"><strong>Tinnitus-Therapie<\/strong><\/a> ver\u00e4ndern l\u00e4sst.<\/p>\n<p>[\/et_pb_text][\/et_pb_column][\/et_pb_row][\/et_pb_section][et_pb_section bb_built=&#8220;1&#8243; admin_label=&#8220;Services&#8220; _builder_version=&#8220;3.17.2&#8243; custom_padding=&#8220;0px|0px|0px|0px&#8220; prev_background_color=&#8220;#ffffff&#8220; use_background_color_gradient=&#8220;on&#8220; background_color_gradient_start=&#8220;#ffcf96&#8243; background_color_gradient_end=&#8220;#ffb356&#8243; global_module=&#8220;407&#8243;][et_pb_row global_parent=&#8220;407&#8243; make_fullwidth=&#8220;on&#8220; use_custom_gutter=&#8220;on&#8220; gutter_width=&#8220;1&#8243; custom_padding=&#8220;0px|0px|0px|0px&#8220; make_equal=&#8220;on&#8220; background_color_4=&#8220;#d9dfe4&#8243; padding_top_bottom_link_1=&#8220;false&#8220; padding_top_bottom_link_2=&#8220;false&#8220; padding_top_bottom_link_3=&#8220;false&#8220; padding_top_bottom_link_4=&#8220;false&#8220; padding_left_right_link_1=&#8220;true&#8220; padding_left_right_link_2=&#8220;true&#8220; padding_left_right_link_3=&#8220;true&#8220; padding_left_right_link_4=&#8220;true&#8220; use_background_color_gradient_4=&#8220;on&#8220; background_color_gradient_start_1=&#8220;#ffd088&#8243; background_color_gradient_start_2=&#8220;#ffd088&#8243; background_color_gradient_start_3=&#8220;#ffd088&#8243; background_color_gradient_start_4=&#8220;#ffd088&#8243; background_color_gradient_end_1=&#8220;#ffb356&#8243; background_color_gradient_end_2=&#8220;#ffbe6b&#8220; background_color_gradient_end_3=&#8220;#ffc882&#8243; background_color_gradient_end_4=&#8220;#ffd6a0&#8243; background_color_gradient_start_position_4=&#8220;0%&#8220; background_color_gradient_end_position_1=&#8220;70%&#8220; background_color_gradient_end_position_2=&#8220;70%&#8220; background_color_gradient_end_position_3=&#8220;70%&#8220; background_color_gradient_end_position_4=&#8220;70%&#8220; padding_top_1=&#8220;80px&#8220; padding_top_2=&#8220;70px&#8220; padding_top_3=&#8220;60px&#8220; padding_top_4=&#8220;50px&#8220; padding_right_1=&#8220;40px&#8220; padding_right_2=&#8220;40px&#8220; padding_right_3=&#8220;40px&#8220; padding_right_4=&#8220;40px&#8220; padding_bottom_1=&#8220;150px&#8220; padding_bottom_2=&#8220;150px&#8220; padding_bottom_3=&#8220;150px&#8220; padding_bottom_4=&#8220;150px&#8220; padding_left_1=&#8220;40px&#8220; padding_left_2=&#8220;40px&#8220; padding_left_3=&#8220;40px&#8220; padding_left_4=&#8220;40px&#8220; padding_1_tablet=&#8220;20px||60px|&#8220; padding_2_tablet=&#8220;20px||60px|&#8220; padding_3_tablet=&#8220;60px|||&#8220; padding_4_tablet=&#8220;60px|||&#8220; padding_1_phone=&#8220;60px||60px||true&#8220; padding_2_phone=&#8220;60px||60px||true&#8220; padding_3_phone=&#8220;60px||60px||true&#8220; padding_4_phone=&#8220;60px|||&#8220; padding_1_last_edited=&#8220;on|desktop&#8220; padding_2_last_edited=&#8220;on|phone&#8220; padding_3_last_edited=&#8220;on|phone&#8220; padding_4_last_edited=&#8220;on|phone&#8220; _builder_version=&#8220;3.17.2&#8243; background_size_2=&#8220;contain&#8220; background_repeat_2=&#8220;no-repeat&#8220; background_color=&#8220;#ffb356&#8243; use_background_color_gradient=&#8220;on&#8220; background_color_gradient_start=&#8220;#ffb356&#8243; background_color_gradient_end=&#8220;#ffcf96&#8243;][et_pb_column type=&#8220;1_3&#8243;][\/et_pb_column][et_pb_column type=&#8220;1_3&#8243;][\/et_pb_column][et_pb_column type=&#8220;1_3&#8243;][\/et_pb_column][\/et_pb_row][\/et_pb_section]<\/p>\n","protected":false},"excerpt":{"rendered":"<p>Tinnitus-Entstehung Tinnitus ist ein Symptom f\u00fcr dessen Entstehung vielf\u00e4ltige Ursachen innerhalb des H\u00f6rsystems beschrieben sind (siehe Tabelle). Wichtig vor jeder Behandlung, ist daher die eingehende Untersuchung in Regie des Hals-Nasen-Ohren-Arztes. Rein formal gibt es ausl\u00f6sende Ursachen f\u00fcr das Tinnitus-Signal, die meist im Innenohr, im H\u00f6rnerven im H\u00f6rgehirn oder au\u00dferhalb des H\u00f6rsinnessystems gelegen sind (z.B. Halswirbels\u00e4ulen- [&hellip;]<\/p>\n","protected":false},"author":2,"featured_media":0,"parent":76,"menu_order":7,"comment_status":"closed","ping_status":"closed","template":"","meta":{"_et_pb_use_builder":"on","_et_pb_old_content":"","_et_gb_content_width":"","footnotes":""},"class_list":["post-368","page","type-page","status-publish","hentry"],"_links":{"self":[{"href":"https:\/\/www.hno-tinnitus-freiburg.de\/cms\/wp-json\/wp\/v2\/pages\/368","targetHints":{"allow":["GET"]}}],"collection":[{"href":"https:\/\/www.hno-tinnitus-freiburg.de\/cms\/wp-json\/wp\/v2\/pages"}],"about":[{"href":"https:\/\/www.hno-tinnitus-freiburg.de\/cms\/wp-json\/wp\/v2\/types\/page"}],"author":[{"embeddable":true,"href":"https:\/\/www.hno-tinnitus-freiburg.de\/cms\/wp-json\/wp\/v2\/users\/2"}],"replies":[{"embeddable":true,"href":"https:\/\/www.hno-tinnitus-freiburg.de\/cms\/wp-json\/wp\/v2\/comments?post=368"}],"version-history":[{"count":23,"href":"https:\/\/www.hno-tinnitus-freiburg.de\/cms\/wp-json\/wp\/v2\/pages\/368\/revisions"}],"predecessor-version":[{"id":1170,"href":"https:\/\/www.hno-tinnitus-freiburg.de\/cms\/wp-json\/wp\/v2\/pages\/368\/revisions\/1170"}],"up":[{"embeddable":true,"href":"https:\/\/www.hno-tinnitus-freiburg.de\/cms\/wp-json\/wp\/v2\/pages\/76"}],"wp:attachment":[{"href":"https:\/\/www.hno-tinnitus-freiburg.de\/cms\/wp-json\/wp\/v2\/media?parent=368"}],"curies":[{"name":"wp","href":"https:\/\/api.w.org\/{rel}","templated":true}]}}