{"id":370,"date":"2018-10-26T13:20:31","date_gmt":"2018-10-26T11:20:31","guid":{"rendered":"http:\/\/k-ross.beebox.de\/cms\/?page_id=370"},"modified":"2018-12-27T14:58:31","modified_gmt":"2018-12-27T13:58:31","slug":"normaler-hoervorgang","status":"publish","type":"page","link":"https:\/\/www.hno-tinnitus-freiburg.de\/cms\/tinnitus-therapie\/normaler-hoervorgang\/","title":{"rendered":"Normaler H\u00f6rvorgang"},"content":{"rendered":"<p>[et_pb_section bb_built=&#8220;1&#8243; next_background_color=&#8220;#ffffff&#8220; _builder_version=&#8220;3.17.4&#8243; background_color=&#8220;rgba(255,179,86,0.75)&#8220; background_image=&#8220;https:\/\/www.hno-tinnitus-freiburg.de\/cms\/wp-content\/uploads\/2018\/10\/Tinitus-1920&#215;820.jpg&#8220;][et_pb_row _builder_version=&#8220;3.17.4&#8243; module_alignment=&#8220;center&#8220;][et_pb_column type=&#8220;4_4&#8243;][et_pb_text _builder_version=&#8220;3.17.4&#8243; header_2_font=&#8220;Lato|900||on|||||&#8220; header_2_text_color=&#8220;#ffffff&#8220; header_2_letter_spacing=&#8220;4px&#8220; header_2_line_height=&#8220;1.2em&#8220;]<\/p>\n<h2 style=\"text-align: left;\">Ohr &amp; H\u00f6ren &#8211; Der normale H\u00f6rvorgang<\/h2>\n<p>[\/et_pb_text][\/et_pb_column][\/et_pb_row][\/et_pb_section][et_pb_section bb_built=&#8220;1&#8243; admin_label=&#8220;About Me&#8220; _builder_version=&#8220;3.17.4&#8243; background_color=&#8220;#ffffff&#8220; custom_padding=&#8220;||50px|&#8220; bottom_divider_flip=&#8220;horizontal&#8220; custom_padding_last_edited=&#8220;on|tablet&#8220; prev_background_color=&#8220;rgba(255,179,86,0.75)&#8220;][et_pb_row _builder_version=&#8220;3.4.1&#8243;][et_pb_column type=&#8220;2_3&#8243;][et_pb_text admin_label=&#8220;Title&#8220; _builder_version=&#8220;3.17.4&#8243; text_font=&#8220;|900|||||||&#8220; header_2_font=&#8220;Lato|900||on|||||&#8220; header_2_text_color=&#8220;#5e5e5e&#8220; header_2_letter_spacing=&#8220;2px&#8220; header_2_line_height=&#8220;1.2em&#8220; header_6_font=&#8220;Lato|700|||||||&#8220; header_6_text_color=&#8220;#737a7a&#8220; header_6_font_size=&#8220;18px&#8220; header_6_letter_spacing=&#8220;1px&#8220; header_6_line_height=&#8220;1.8em&#8220; max_width=&#8220;600px&#8220; module_alignment=&#8220;left&#8220; custom_margin=&#8220;0px||30px|&#8220; custom_padding=&#8220;|||&#8220; custom_padding_tablet=&#8220;|0vw||0vw||true&#8220; custom_padding_phone=&#8220;|||||false&#8220; custom_padding_last_edited=&#8220;off|desktop&#8220; animation_style=&#8220;slide&#8220; animation_direction=&#8220;bottom&#8220; animation_intensity_slide=&#8220;5%&#8220; header_font_size=&#8220;20px&#8220; header_2_font_size=&#8220;20px&#8220;]<\/p>\n<h2>Querschnitt durch das menschliche Ohr<\/h2>\n<p>[\/et_pb_text][et_pb_text _builder_version=&#8220;3.17.4&#8243; text_font=&#8220;Lato||||||||&#8220; text_font_size=&#8220;16px&#8220; text_line_height=&#8220;1.8em&#8220; link_font=&#8220;|700|||||||&#8220; link_text_color=&#8220;#ffffff&#8220; ul_line_height=&#8220;1.8em&#8220; header_2_font=&#8220;Lato|700|||||||&#8220; header_2_font_size=&#8220;30px&#8220; header_2_font_size_phone=&#8220;22px&#8220; header_2_font_size_last_edited=&#8220;on|phone&#8220; header_2_letter_spacing=&#8220;1px&#8220; header_2_line_height=&#8220;1.5em&#8220; custom_margin=&#8220;||0px|&#8220; animation_style=&#8220;slide&#8220; animation_direction=&#8220;bottom&#8220; animation_intensity_slide=&#8220;5%&#8220;]<\/p>\n<p>Der Schall breitet sich in Form von Druckschwankungen \u00fcber den Geh\u00f6rgang, das Trommelfell sowie die Geh\u00f6rkn\u00f6chelchen (Hammer, Amboss, Steigb\u00fcgel) zur H\u00f6rschnecke (Innenohr) aus (siehe Abbildung. 1). Hier versetzen die Druckschwankungen das fl\u00fcssigkeitsgef\u00fcllte Innenohr mit dem H\u00f6rsinnesorgan in der H\u00f6rschnecke in Schwingungen.<\/p>\n<p>[\/et_pb_text][\/et_pb_column][et_pb_column type=&#8220;1_3&#8243;][et_pb_image _builder_version=&#8220;3.17.4&#8243; src=&#8220;https:\/\/www.hno-tinnitus-freiburg.de\/cms\/wp-content\/uploads\/2018\/11\/Ohrzeichnung_Querschnitt.gif&#8220; \/][\/et_pb_column][\/et_pb_row][et_pb_row][et_pb_column type=&#8220;4_4&#8243;][et_pb_divider _builder_version=&#8220;3.17.4&#8243; \/][\/et_pb_column][\/et_pb_row][et_pb_row _builder_version=&#8220;3.4.1&#8243;][et_pb_column type=&#8220;1_3&#8243;][et_pb_image _builder_version=&#8220;3.17.4&#8243; src=&#8220;https:\/\/www.hno-tinnitus-freiburg.de\/cms\/wp-content\/uploads\/2018\/11\/Innenohr_Schnecke.gif&#8220; \/][\/et_pb_column][et_pb_column type=&#8220;2_3&#8243;][et_pb_text admin_label=&#8220;Title&#8220; _builder_version=&#8220;3.17.4&#8243; text_font=&#8220;|900|||||||&#8220; header_2_font=&#8220;Lato|900||on|||||&#8220; header_2_text_color=&#8220;#5e5e5e&#8220; header_2_letter_spacing=&#8220;2px&#8220; header_2_line_height=&#8220;1.2em&#8220; header_6_font=&#8220;Lato|700|||||||&#8220; header_6_text_color=&#8220;#737a7a&#8220; header_6_font_size=&#8220;18px&#8220; header_6_letter_spacing=&#8220;1px&#8220; header_6_line_height=&#8220;1.8em&#8220; max_width=&#8220;600px&#8220; module_alignment=&#8220;left&#8220; custom_margin=&#8220;0px||30px|&#8220; custom_padding=&#8220;|||&#8220; custom_padding_tablet=&#8220;|0vw||0vw||true&#8220; custom_padding_phone=&#8220;|||||false&#8220; custom_padding_last_edited=&#8220;off|desktop&#8220; animation_style=&#8220;slide&#8220; animation_direction=&#8220;bottom&#8220; animation_intensity_slide=&#8220;5%&#8220; header_font_size=&#8220;20px&#8220; header_2_font_size=&#8220;20px&#8220;]<\/p>\n<h2>H\u00f6rsinnesorgan in der H\u00f6rschnecke<\/h2>\n<p>[\/et_pb_text][et_pb_text _builder_version=&#8220;3.17.4&#8243; text_font=&#8220;Lato||||||||&#8220; text_font_size=&#8220;16px&#8220; text_line_height=&#8220;1.8em&#8220; link_font=&#8220;|700|||||||&#8220; link_text_color=&#8220;#ffffff&#8220; ul_line_height=&#8220;1.8em&#8220; header_2_font=&#8220;Lato|700|||||||&#8220; header_2_font_size=&#8220;30px&#8220; header_2_font_size_phone=&#8220;22px&#8220; header_2_font_size_last_edited=&#8220;on|phone&#8220; header_2_letter_spacing=&#8220;1px&#8220; header_2_line_height=&#8220;1.5em&#8220; custom_margin=&#8220;||0px|&#8220; animation_style=&#8220;slide&#8220; animation_direction=&#8220;bottom&#8220; animation_intensity_slide=&#8220;5%&#8220;]<\/p>\n<p>Das eigentliche H\u00f6rsinnesorgan liegt auf einer d\u00fcnnen Membran (Basilarmembran) und enth\u00e4lt ca. 17.000 Sinneszellen mit typischen &#8222;H\u00e4rchen&#8220;, die Haarzellen (siehe Abbildung 2). Die \u00e4u\u00dferen Haarzellen (drei Reihen) dienen der Modulierung und Verst\u00e4rkung der Druckwellen, die innen gelegenen Haarzellen (eine Reihe) dienen der eigentlichen H\u00f6rwahrnehmung. Die Auslenkung der kleinen H\u00e4rchen an der Zelloberfl\u00e4che durch die Druckwellen bewirkt eine Ver\u00e4nderung der elektrischen Eigenschaften der Zellen und l\u00e4sst an deren Kontaktstellen zum H\u00f6rnerven Muster von elektrischen Impulsen entstehen, die im H\u00f6rnerven an hierarchisch strukturierte, \u00fcbergeordnete H\u00f6rzentren im Hirnstamm und Mittelhirn weitergeleitet werden.<\/p>\n<p>[\/et_pb_text][\/et_pb_column][\/et_pb_row][et_pb_row][et_pb_column type=&#8220;4_4&#8243;][et_pb_divider _builder_version=&#8220;3.17.4&#8243; \/][\/et_pb_column][\/et_pb_row][et_pb_row _builder_version=&#8220;3.4.1&#8243;][et_pb_column type=&#8220;1_2&#8243;][et_pb_text admin_label=&#8220;Was geschieht&#8220; _builder_version=&#8220;3.17.4&#8243; text_font=&#8220;|900|||||||&#8220; header_2_font=&#8220;Lato|900||on|||||&#8220; header_2_text_color=&#8220;#5e5e5e&#8220; header_2_letter_spacing=&#8220;2px&#8220; header_2_line_height=&#8220;1.2em&#8220; header_6_font=&#8220;Lato|700|||||||&#8220; header_6_text_color=&#8220;#737a7a&#8220; header_6_font_size=&#8220;18px&#8220; header_6_letter_spacing=&#8220;1px&#8220; header_6_line_height=&#8220;1.8em&#8220; max_width=&#8220;600px&#8220; module_alignment=&#8220;left&#8220; custom_margin=&#8220;0px||30px|&#8220; custom_padding=&#8220;|||&#8220; custom_padding_tablet=&#8220;|0vw||0vw||true&#8220; custom_padding_phone=&#8220;|||||false&#8220; custom_padding_last_edited=&#8220;off|desktop&#8220; animation_style=&#8220;slide&#8220; animation_direction=&#8220;bottom&#8220; animation_intensity_slide=&#8220;5%&#8220; header_font_size=&#8220;20px&#8220; header_2_font_size=&#8220;20px&#8220;]<\/p>\n<h2>Menschliche H\u00f6rbahn<\/h2>\n<p>[\/et_pb_text][et_pb_text _builder_version=&#8220;3.17.6&#8243; text_font=&#8220;Lato||||||||&#8220; text_font_size=&#8220;16px&#8220; text_line_height=&#8220;1.8em&#8220; link_font=&#8220;|700|||||||&#8220; ul_line_height=&#8220;1.8em&#8220; header_2_font=&#8220;Lato|700|||||||&#8220; header_2_font_size=&#8220;30px&#8220; header_2_font_size_phone=&#8220;22px&#8220; header_2_font_size_last_edited=&#8220;on|phone&#8220; header_2_letter_spacing=&#8220;1px&#8220; header_2_line_height=&#8220;1.5em&#8220; custom_margin=&#8220;||0px|&#8220; animation_style=&#8220;slide&#8220; animation_direction=&#8220;bottom&#8220; animation_intensity_slide=&#8220;5%&#8220;]<\/p>\n<p>Nach mehrfacher Umschaltung und Verarbeitung erreichen die Nervenimpulse die H\u00f6rrinde, wo das Geh\u00f6rte bewusst wahrgenommen wird (siehe Abbildung 3). Diese Wahrnehmung wird mit fr\u00fcheren H\u00f6rerlebnissen (H\u00f6r-Wahrnehmungskarten, -Speicher) verglichen und \u00fcber Verbindungen mit der Bewertungsinstanz im Schl\u00e4fenlappen unseres Gehirns (limbisches System) mit Emotionen belegt. Das Geh\u00f6rte erh\u00e4lt so eine ganz individuelle emotionale F\u00e4rbung und Bedeutung (z.B. Knall = bedrohlich, Vogelzwitschern = beruhigend).<\/p>\n<p>Die Art der Bedeutungserteilung wirkt zur\u00fcck auf Strukturen im Mittelhirn sowie Hirnstamm und bestimmt somit unwillk\u00fcrlich das nachfolgende Niveau und den Fokus der Aufmerksamkeit. Dies hat sich im Laufe der Evolution in Hinblick auf die Erkennung von Warnsignalen und das \u00dcberleben \u00fcberaus n\u00fctzlich erwiesen und ist daher perfekt ausgebildet. Doch nicht immer wirkt sich diese Art der H\u00f6rverarbeitung gesundheitsf\u00f6rderlich aus &#8211; wie am Beispiel des st\u00f6renden Tinnitus deutlich wird. Siehe dazu <a href=\"https:\/\/www.hno-tinnitus-freiburg.de\/cms\/tinnitus-therapie\/tinnitus-entstehung\/\"><strong> Tinnitus-Entstehung.<\/strong><\/a><\/p>\n<p>[\/et_pb_text][\/et_pb_column][et_pb_column type=&#8220;1_2&#8243;][et_pb_image _builder_version=&#8220;3.17.4&#8243; src=&#8220;https:\/\/www.hno-tinnitus-freiburg.de\/cms\/wp-content\/uploads\/2018\/11\/Grafik-Innenohr.jpg&#8220; \/][\/et_pb_column][\/et_pb_row][\/et_pb_section]<\/p>\n","protected":false},"excerpt":{"rendered":"<p>Ohr &amp; H\u00f6ren &#8211; Der normale H\u00f6rvorgang Querschnitt durch das menschliche Ohr Der Schall breitet sich in Form von Druckschwankungen \u00fcber den Geh\u00f6rgang, das Trommelfell sowie die Geh\u00f6rkn\u00f6chelchen (Hammer, Amboss, Steigb\u00fcgel) zur H\u00f6rschnecke (Innenohr) aus (siehe Abbildung. 1). Hier versetzen die Druckschwankungen das fl\u00fcssigkeitsgef\u00fcllte Innenohr mit dem H\u00f6rsinnesorgan in der H\u00f6rschnecke in Schwingungen. <div class=\"et_pb_row et_pb_row_0 et_pb_row_empty\">\n\t\t\t\t\n\t\t\t\t\n\t\t\t\t\n\t\t\t\t\n\t\t\t\t\n\t\t\t<\/div> H\u00f6rsinnesorgan [&hellip;]<\/p>\n","protected":false},"author":2,"featured_media":0,"parent":76,"menu_order":8,"comment_status":"closed","ping_status":"closed","template":"","meta":{"_et_pb_use_builder":"on","_et_pb_old_content":"","_et_gb_content_width":"","footnotes":""},"class_list":["post-370","page","type-page","status-publish","hentry"],"_links":{"self":[{"href":"https:\/\/www.hno-tinnitus-freiburg.de\/cms\/wp-json\/wp\/v2\/pages\/370","targetHints":{"allow":["GET"]}}],"collection":[{"href":"https:\/\/www.hno-tinnitus-freiburg.de\/cms\/wp-json\/wp\/v2\/pages"}],"about":[{"href":"https:\/\/www.hno-tinnitus-freiburg.de\/cms\/wp-json\/wp\/v2\/types\/page"}],"author":[{"embeddable":true,"href":"https:\/\/www.hno-tinnitus-freiburg.de\/cms\/wp-json\/wp\/v2\/users\/2"}],"replies":[{"embeddable":true,"href":"https:\/\/www.hno-tinnitus-freiburg.de\/cms\/wp-json\/wp\/v2\/comments?post=370"}],"version-history":[{"count":10,"href":"https:\/\/www.hno-tinnitus-freiburg.de\/cms\/wp-json\/wp\/v2\/pages\/370\/revisions"}],"predecessor-version":[{"id":912,"href":"https:\/\/www.hno-tinnitus-freiburg.de\/cms\/wp-json\/wp\/v2\/pages\/370\/revisions\/912"}],"up":[{"embeddable":true,"href":"https:\/\/www.hno-tinnitus-freiburg.de\/cms\/wp-json\/wp\/v2\/pages\/76"}],"wp:attachment":[{"href":"https:\/\/www.hno-tinnitus-freiburg.de\/cms\/wp-json\/wp\/v2\/media?parent=370"}],"curies":[{"name":"wp","href":"https:\/\/api.w.org\/{rel}","templated":true}]}}