{"id":372,"date":"2018-10-26T13:20:44","date_gmt":"2018-10-26T11:20:44","guid":{"rendered":"http:\/\/k-ross.beebox.de\/cms\/?page_id=372"},"modified":"2018-12-27T14:58:38","modified_gmt":"2018-12-27T13:58:38","slug":"voruntersuchung","status":"publish","type":"page","link":"https:\/\/www.hno-tinnitus-freiburg.de\/cms\/tinnitus-therapie\/voruntersuchung\/","title":{"rendered":"Voruntersuchung"},"content":{"rendered":"<p>[et_pb_section bb_built=&#8220;1&#8243; next_background_color=&#8220;#ffffff&#8220; _builder_version=&#8220;3.17.4&#8243; background_color=&#8220;rgba(255,179,86,0.7)&#8220; background_image=&#8220;https:\/\/www.hno-tinnitus-freiburg.de\/cms\/wp-content\/uploads\/2018\/10\/Tinitus-1920&#215;820.jpg&#8220;][et_pb_row _builder_version=&#8220;3.17.4&#8243; module_alignment=&#8220;center&#8220;][et_pb_column type=&#8220;4_4&#8243;][et_pb_text _builder_version=&#8220;3.17.4&#8243; header_2_font=&#8220;Lato|900||on|||||&#8220; header_2_text_color=&#8220;#ffffff&#8220; header_2_letter_spacing=&#8220;4px&#8220; header_2_line_height=&#8220;1.2em&#8220;]<\/p>\n<h2 style=\"text-align: left;\">Voruntersuchung und Diagnostik<\/h2>\n<p>[\/et_pb_text][\/et_pb_column][\/et_pb_row][\/et_pb_section][et_pb_section bb_built=&#8220;1&#8243; prev_background_color=&#8220;rgba(255,179,86,0.7)&#8220; next_background_color=&#8220;#000000&#8243; _builder_version=&#8220;3.17.4&#8243; custom_margin=&#8220;||0px|&#8220; custom_padding=&#8220;||0px|&#8220;][et_pb_row _builder_version=&#8220;3.4.1&#8243;][et_pb_column type=&#8220;1_2&#8243;][et_pb_text admin_label=&#8220;Title&#8220; _builder_version=&#8220;3.17.4&#8243; text_font=&#8220;|900|||||||&#8220; header_2_font=&#8220;Lato|900||on|||||&#8220; header_2_text_color=&#8220;#5e5e5e&#8220; header_2_line_height=&#8220;1.2em&#8220; header_6_font=&#8220;Lato|700|||||||&#8220; header_6_text_color=&#8220;#737a7a&#8220; header_6_font_size=&#8220;18px&#8220; header_6_letter_spacing=&#8220;1px&#8220; header_6_line_height=&#8220;1.8em&#8220; max_width=&#8220;600px&#8220; module_alignment=&#8220;left&#8220; custom_margin=&#8220;30px||30px||true|false&#8220; custom_padding=&#8220;|||&#8220; custom_padding_tablet=&#8220;|0vw||0vw||true&#8220; custom_padding_phone=&#8220;|||||false&#8220; custom_padding_last_edited=&#8220;off|desktop&#8220; animation_style=&#8220;slide&#8220; animation_direction=&#8220;bottom&#8220; animation_intensity_slide=&#8220;5%&#8220; header_font_size=&#8220;20px&#8220; header_2_font_size=&#8220;20px&#8220; header_2_letter_spacing=&#8220;2px&#8220; header_text_color=&#8220;#5e5e5e&#8220;]<\/p>\n<h2>M\u00f6gliche Tinnitus-Ausl\u00f6ser, Ursachen und das H\u00f6rerleben sind individuell sehr unterschiedlich<\/h2>\n<p>[\/et_pb_text][et_pb_text _builder_version=&#8220;3.17.4&#8243; text_font=&#8220;Lato||||||||&#8220; text_font_size=&#8220;16px&#8220; text_line_height=&#8220;1.8em&#8220; link_font=&#8220;|700|||||||&#8220; link_text_color=&#8220;#ffffff&#8220; ul_line_height=&#8220;1.8em&#8220; header_2_font=&#8220;Lato|700|||||||&#8220; header_2_font_size=&#8220;30px&#8220; header_2_font_size_phone=&#8220;22px&#8220; header_2_font_size_last_edited=&#8220;on|phone&#8220; header_2_letter_spacing=&#8220;1px&#8220; header_2_line_height=&#8220;1.5em&#8220; custom_margin=&#8220;||0px|&#8220; animation_style=&#8220;slide&#8220; animation_direction=&#8220;bottom&#8220; animation_intensity_slide=&#8220;5%&#8220;]<\/p>\n<p>Zu Anfang steht daher ein ausf\u00fchrliches Informationsgespr\u00e4ch zur Tinnitus-Vorgeschichte, zu den aktuellen tinnitusbezogenen Beeintr\u00e4chtigungen sowie zur Kl\u00e4rung der Erwartungen und Ziele. Anschlie\u00dfend folgt die Diagnostik, die das H\u00f6rsystem auf rein organisch behandelbare Tinnitus-Ursachen hin abkl\u00e4rt. Diese besteht aus folgenden Komponenten:<\/p>\n<ul>\n<li>Ohrmikroskopie<\/li>\n<li>Nasenracheninspektion<\/li>\n<li>Ton- und Sprach-H\u00f6rtests mit <br \/>Unbehaglichkeitsschwelle &amp; Tinnitus-Bestimmung<\/li>\n<li>Gleichgewichtstest<\/li>\n<li>Spezialuntersuchungen mit diffenzierter Messung der H\u00f6rsinneszellen <br \/>(Otoakustische Emissionen, OAE) und der H\u00f6rnerven (BERA)<\/li>\n<\/ul>\n<p>So weit diese Untersuchungen beim betreuenden HNO-Facharzt am Heimatort bereits durchgef\u00fchrt wurden, sind Befundkopien ausreichend, um unn\u00f6tige Zweituntersuchungen zu vermeiden.<\/p>\n<p>Zur Abkl\u00e4rung der Kiefergelenksfunktion und der Halswirbels\u00e4ule ziehen wir entsprechende Spezialisten hinzu. In Einzelf\u00e4llen ist eine Kernspintomografie (MRT) zur Sichtbarmachung des H\u00f6rsystems erforderlich.<\/p>\n<p>Mit dem Tinnitus-Fragebogen (nach Goebel &amp; Hiller 1998) wird das Ausma\u00df der Tinnitus-Belastung ganz individuell nach standardisierten Kriterien erfasst. Denn hiervon h\u00e4ngt u.a. das weitere Vorgehen ab: <br \/>Es bestimmt die Notwendigkeit, den Umfang und die Inhalte des sp\u00e4teren Therapieplans. Auch zur Beurteilung des Therapieerfolgs im Verlauf der Therapie ist der Tinnitus-Fragebogen ein wichtiges Instrument im Rahmen der Qualit\u00e4tssicherung.<\/p>\n<p>[\/et_pb_text][\/et_pb_column][et_pb_column type=&#8220;1_2&#8243;][et_pb_text admin_label=&#8220;Title&#8220; _builder_version=&#8220;3.17.4&#8243; text_font=&#8220;|900|||||||&#8220; header_2_font=&#8220;Lato|900||on|||||&#8220; header_2_text_color=&#8220;#5e5e5e&#8220; header_2_line_height=&#8220;1.2em&#8220; header_6_font=&#8220;Lato|700|||||||&#8220; header_6_text_color=&#8220;#737a7a&#8220; header_6_font_size=&#8220;18px&#8220; header_6_letter_spacing=&#8220;1px&#8220; header_6_line_height=&#8220;1.8em&#8220; max_width=&#8220;600px&#8220; module_alignment=&#8220;left&#8220; custom_margin=&#8220;30px||30px||true|false&#8220; custom_padding=&#8220;|||&#8220; custom_padding_tablet=&#8220;|0vw||0vw||true&#8220; custom_padding_phone=&#8220;|||||false&#8220; custom_padding_last_edited=&#8220;off|desktop&#8220; animation_style=&#8220;slide&#8220; animation_direction=&#8220;bottom&#8220; animation_intensity_slide=&#8220;5%&#8220; header_font_size=&#8220;20px&#8220; header_2_font_size=&#8220;20px&#8220; header_2_letter_spacing=&#8220;2px&#8220; header_text_color=&#8220;#5e5e5e&#8220;]<\/p>\n<h2>Entwicklung eines individuellen St\u00f6rungsmodells<\/h2>\n<p>[\/et_pb_text][et_pb_text _builder_version=&#8220;3.17.4&#8243; text_font=&#8220;Lato||||||||&#8220; text_font_size=&#8220;16px&#8220; text_line_height=&#8220;1.8em&#8220; link_font=&#8220;|700|||||||&#8220; link_text_color=&#8220;#ffffff&#8220; ul_line_height=&#8220;1.8em&#8220; header_2_font=&#8220;Lato|700|||||||&#8220; header_2_font_size=&#8220;30px&#8220; header_2_font_size_phone=&#8220;22px&#8220; header_2_font_size_last_edited=&#8220;on|phone&#8220; header_2_letter_spacing=&#8220;1px&#8220; header_2_line_height=&#8220;1.5em&#8220; custom_margin=&#8220;||0px|&#8220; animation_style=&#8220;slide&#8220; animation_direction=&#8220;bottom&#8220; animation_intensity_slide=&#8220;5%&#8220;]<\/p>\n<p>Aus der Zusammenschau der Befunde und den tinnitusbezogenen Beeintr\u00e4chtigungen wird &#8211; unter Beachtung ganzheitlicher Aspekte &#8211; ein individuelles Modell der Tinnitus-Entstehung und -Aufrechterhaltung entwickelt.<\/p>\n<p>Gemeinsam mit dem Betroffenen werden dabei relevante Einflussfaktoren auf die Tinnitus-Wahrnehmung innerhalb bio-psycho-sozialer Dimensionen gewichtet (siehe Abbildung) und die Art der individuellen therapeutischen Vorgehensweise abgestimmt.<\/p>\n<p>Den Betroffenen sehen wir hierbei immer als Kooperationspartner \u201ein Augenh\u00f6he\u201c an, der vor dem Hintergrund subjektiver Anschauungen und St\u00f6rungstheorien mit entscheidet, nach welchem Modell er behandelt, beraten oder begleitet werden will.<\/p>\n<p>.<\/p>\n<p>[\/et_pb_text][et_pb_image _builder_version=&#8220;3.17.4&#8243; src=&#8220;https:\/\/www.hno-tinnitus-freiburg.de\/cms\/wp-content\/uploads\/2018\/11\/Unbenannt-1_Kopie.jpg&#8220; border_width_all=&#8220;1px&#8220; \/][\/et_pb_column][\/et_pb_row][et_pb_row _builder_version=&#8220;3.17.4&#8243; custom_margin=&#8220;||0px|&#8220; custom_padding=&#8220;||0px|&#8220;][et_pb_column type=&#8220;4_4&#8243;][et_pb_divider _builder_version=&#8220;3.17.4&#8243; \/][\/et_pb_column][\/et_pb_row][\/et_pb_section][et_pb_section bb_built=&#8220;1&#8243; prev_background_color=&#8220;#000000&#8243; next_background_color=&#8220;#000000&#8243;][et_pb_row _builder_version=&#8220;3.4.1&#8243;][et_pb_column type=&#8220;1_2&#8243;][et_pb_text admin_label=&#8220;Diagnostik&#8220; _builder_version=&#8220;3.17.4&#8243; text_font=&#8220;|900|||||||&#8220; header_2_font=&#8220;Lato|900||on|||||&#8220; header_2_text_color=&#8220;#5e5e5e&#8220; header_2_line_height=&#8220;1.2em&#8220; header_6_font=&#8220;Lato|700|||||||&#8220; header_6_text_color=&#8220;#737a7a&#8220; header_6_font_size=&#8220;18px&#8220; header_6_letter_spacing=&#8220;1px&#8220; header_6_line_height=&#8220;1.8em&#8220; max_width=&#8220;600px&#8220; module_alignment=&#8220;left&#8220; custom_margin=&#8220;30px||30px||true|false&#8220; custom_padding=&#8220;|||&#8220; custom_padding_tablet=&#8220;|0vw||0vw||true&#8220; custom_padding_phone=&#8220;|||||false&#8220; custom_padding_last_edited=&#8220;off|desktop&#8220; animation_style=&#8220;slide&#8220; animation_direction=&#8220;bottom&#8220; animation_intensity_slide=&#8220;5%&#8220; header_font_size=&#8220;20px&#8220; header_2_font_size=&#8220;20px&#8220; header_2_letter_spacing=&#8220;2px&#8220; header_text_color=&#8220;#5e5e5e&#8220;]<\/p>\n<h2>Diagnostik<\/h2>\n<p>[\/et_pb_text][\/et_pb_column][et_pb_column type=&#8220;1_2&#8243;][et_pb_image _builder_version=&#8220;3.17.4&#8243; src=&#8220;https:\/\/www.hno-tinnitus-freiburg.de\/cms\/wp-content\/uploads\/2018\/11\/0c1e172c32.jpg&#8220; \/][\/et_pb_column][\/et_pb_row][et_pb_row][et_pb_column type=&#8220;4_4&#8243;][et_pb_divider _builder_version=&#8220;3.17.4&#8243; \/][\/et_pb_column][\/et_pb_row][et_pb_row _builder_version=&#8220;3.4.1&#8243;][et_pb_column type=&#8220;1_2&#8243;][et_pb_text _builder_version=&#8220;3.17.4&#8243; text_font=&#8220;Lato||||||||&#8220; text_font_size=&#8220;16px&#8220; text_line_height=&#8220;1.8em&#8220; link_font=&#8220;|700|||||||&#8220; link_text_color=&#8220;#ffffff&#8220; ul_line_height=&#8220;1.8em&#8220; header_2_font=&#8220;Lato|700|||||||&#8220; header_2_font_size=&#8220;30px&#8220; header_2_font_size_phone=&#8220;22px&#8220; header_2_font_size_last_edited=&#8220;on|phone&#8220; header_2_letter_spacing=&#8220;1px&#8220; header_2_line_height=&#8220;1.5em&#8220; custom_margin=&#8220;||0px|&#8220; animation_style=&#8220;slide&#8220; animation_direction=&#8220;bottom&#8220; animation_intensity_slide=&#8220;5%&#8220;]<\/p>\n<p><strong>Das pers\u00f6nliche Gespr\u00e4ch<br \/><\/strong>Vor jeder Behandlung steht das eingehende Gespr\u00e4ch, das bereits wichtige Informationen \u00fcber die Art und Dauer Ihrer Beschwerden sowie wichtige Hinweise auf sinnvolle Behandlungsschritte gibt.<\/p>\n<p><strong>Die Untersuchungen<br \/><\/strong>Hieran schlie\u00dfen sich die f\u00fcr Ihre Situation angemessenen und medizinisch notwendigen Untersuchungen und Tests an.<\/p>\n<p>[\/et_pb_text][\/et_pb_column][et_pb_column type=&#8220;1_2&#8243;][et_pb_text _builder_version=&#8220;3.17.4&#8243; text_font=&#8220;Lato||||||||&#8220; text_font_size=&#8220;16px&#8220; text_line_height=&#8220;1.8em&#8220; link_font=&#8220;|700|||||||&#8220; link_text_color=&#8220;#ffffff&#8220; ul_line_height=&#8220;1.8em&#8220; header_2_font=&#8220;Lato|700|||||||&#8220; header_2_font_size=&#8220;30px&#8220; header_2_font_size_phone=&#8220;22px&#8220; header_2_font_size_last_edited=&#8220;on|phone&#8220; header_2_letter_spacing=&#8220;1px&#8220; header_2_line_height=&#8220;1.5em&#8220; custom_margin=&#8220;||0px|&#8220; animation_style=&#8220;slide&#8220; animation_direction=&#8220;bottom&#8220; animation_intensity_slide=&#8220;5%&#8220;]<\/p>\n<ul>\n<li>Moderne Methoden der H\u00f6r- und Gleichgewichtsdiagnostik Ohrmikroskopie,<\/li>\n<li>Ton- und Sprachaudiometrie,<\/li>\n<li>Impedanzmessung<\/li>\n<li>Messung otoakustischer Emissionen (aktive Schallaussendungen des Innenohres) als objektive Funktionsmessung des Innenohres<\/li>\n<li>BERA (Hirnstrom-Messung unter akustischer Reizung) zur Beurteilung des H\u00f6rnerven<\/li>\n<li>Tinnitus-Analyse (Bestimmung der Frequenz, Lautheit, Verdeckbarkeit) und Tinnitus-Belastungsdiagnostik<\/li>\n<li>Bestimmung der Unbehaglichkeitsschwelle (bei Hyperakusis)<\/li>\n<li>Koordinationstests und Gleichgewichtsuntersuchungen<\/li>\n<li>Endoskopie der oberen Atem- und Speisewege<\/li>\n<li>Ultraschalluntersuchung der Nasennebenh\u00f6hlen und Halsorgane<\/li>\n<li>Allergie-, Riech- und Geschmackstests<\/li>\n<\/ul>\n<p>[\/et_pb_text][\/et_pb_column][\/et_pb_row][\/et_pb_section][et_pb_section bb_built=&#8220;1&#8243; admin_label=&#8220;Services&#8220; _builder_version=&#8220;3.17.2&#8243; custom_padding=&#8220;0px|0px|0px|0px&#8220; prev_background_color=&#8220;#ffffff&#8220; use_background_color_gradient=&#8220;on&#8220; background_color_gradient_start=&#8220;#ffcf96&#8243; background_color_gradient_end=&#8220;#ffb356&#8243; global_module=&#8220;407&#8243;][et_pb_row global_parent=&#8220;407&#8243; make_fullwidth=&#8220;on&#8220; use_custom_gutter=&#8220;on&#8220; gutter_width=&#8220;1&#8243; custom_padding=&#8220;0px|0px|0px|0px&#8220; make_equal=&#8220;on&#8220; background_color_4=&#8220;#d9dfe4&#8243; padding_top_bottom_link_1=&#8220;false&#8220; padding_top_bottom_link_2=&#8220;false&#8220; padding_top_bottom_link_3=&#8220;false&#8220; padding_top_bottom_link_4=&#8220;false&#8220; padding_left_right_link_1=&#8220;true&#8220; padding_left_right_link_2=&#8220;true&#8220; padding_left_right_link_3=&#8220;true&#8220; padding_left_right_link_4=&#8220;true&#8220; use_background_color_gradient_4=&#8220;on&#8220; background_color_gradient_start_1=&#8220;#ffd088&#8243; background_color_gradient_start_2=&#8220;#ffd088&#8243; background_color_gradient_start_3=&#8220;#ffd088&#8243; background_color_gradient_start_4=&#8220;#ffd088&#8243; background_color_gradient_end_1=&#8220;#ffb356&#8243; background_color_gradient_end_2=&#8220;#ffbe6b&#8220; background_color_gradient_end_3=&#8220;#ffc882&#8243; background_color_gradient_end_4=&#8220;#ffd6a0&#8243; background_color_gradient_start_position_4=&#8220;0%&#8220; background_color_gradient_end_position_1=&#8220;70%&#8220; background_color_gradient_end_position_2=&#8220;70%&#8220; background_color_gradient_end_position_3=&#8220;70%&#8220; background_color_gradient_end_position_4=&#8220;70%&#8220; padding_top_1=&#8220;80px&#8220; padding_top_2=&#8220;70px&#8220; padding_top_3=&#8220;60px&#8220; padding_top_4=&#8220;50px&#8220; padding_right_1=&#8220;40px&#8220; padding_right_2=&#8220;40px&#8220; padding_right_3=&#8220;40px&#8220; padding_right_4=&#8220;40px&#8220; padding_bottom_1=&#8220;150px&#8220; padding_bottom_2=&#8220;150px&#8220; padding_bottom_3=&#8220;150px&#8220; padding_bottom_4=&#8220;150px&#8220; padding_left_1=&#8220;40px&#8220; padding_left_2=&#8220;40px&#8220; padding_left_3=&#8220;40px&#8220; padding_left_4=&#8220;40px&#8220; padding_1_tablet=&#8220;20px||60px|&#8220; padding_2_tablet=&#8220;20px||60px|&#8220; padding_3_tablet=&#8220;60px|||&#8220; padding_4_tablet=&#8220;60px|||&#8220; padding_1_phone=&#8220;60px||60px||true&#8220; padding_2_phone=&#8220;60px||60px||true&#8220; padding_3_phone=&#8220;60px||60px||true&#8220; padding_4_phone=&#8220;60px|||&#8220; padding_1_last_edited=&#8220;on|desktop&#8220; padding_2_last_edited=&#8220;on|phone&#8220; padding_3_last_edited=&#8220;on|phone&#8220; padding_4_last_edited=&#8220;on|phone&#8220; _builder_version=&#8220;3.17.2&#8243; background_size_2=&#8220;contain&#8220; background_repeat_2=&#8220;no-repeat&#8220; background_color=&#8220;#ffb356&#8243; use_background_color_gradient=&#8220;on&#8220; background_color_gradient_start=&#8220;#ffb356&#8243; background_color_gradient_end=&#8220;#ffcf96&#8243;][et_pb_column type=&#8220;1_3&#8243;][\/et_pb_column][et_pb_column type=&#8220;1_3&#8243;][\/et_pb_column][et_pb_column type=&#8220;1_3&#8243;][\/et_pb_column][\/et_pb_row][\/et_pb_section]<\/p>\n","protected":false},"excerpt":{"rendered":"<p>Voruntersuchung und Diagnostik M\u00f6gliche Tinnitus-Ausl\u00f6ser, Ursachen und das H\u00f6rerleben sind individuell sehr unterschiedlich Zu Anfang steht daher ein ausf\u00fchrliches Informationsgespr\u00e4ch zur Tinnitus-Vorgeschichte, zu den aktuellen tinnitusbezogenen Beeintr\u00e4chtigungen sowie zur Kl\u00e4rung der Erwartungen und Ziele. Anschlie\u00dfend folgt die Diagnostik, die das H\u00f6rsystem auf rein organisch behandelbare Tinnitus-Ursachen hin abkl\u00e4rt. Diese besteht aus folgenden Komponenten: Ohrmikroskopie Nasenracheninspektion [&hellip;]<\/p>\n","protected":false},"author":2,"featured_media":0,"parent":76,"menu_order":9,"comment_status":"closed","ping_status":"closed","template":"","meta":{"_et_pb_use_builder":"on","_et_pb_old_content":"","_et_gb_content_width":"","footnotes":""},"class_list":["post-372","page","type-page","status-publish","hentry"],"_links":{"self":[{"href":"https:\/\/www.hno-tinnitus-freiburg.de\/cms\/wp-json\/wp\/v2\/pages\/372","targetHints":{"allow":["GET"]}}],"collection":[{"href":"https:\/\/www.hno-tinnitus-freiburg.de\/cms\/wp-json\/wp\/v2\/pages"}],"about":[{"href":"https:\/\/www.hno-tinnitus-freiburg.de\/cms\/wp-json\/wp\/v2\/types\/page"}],"author":[{"embeddable":true,"href":"https:\/\/www.hno-tinnitus-freiburg.de\/cms\/wp-json\/wp\/v2\/users\/2"}],"replies":[{"embeddable":true,"href":"https:\/\/www.hno-tinnitus-freiburg.de\/cms\/wp-json\/wp\/v2\/comments?post=372"}],"version-history":[{"count":29,"href":"https:\/\/www.hno-tinnitus-freiburg.de\/cms\/wp-json\/wp\/v2\/pages\/372\/revisions"}],"predecessor-version":[{"id":670,"href":"https:\/\/www.hno-tinnitus-freiburg.de\/cms\/wp-json\/wp\/v2\/pages\/372\/revisions\/670"}],"up":[{"embeddable":true,"href":"https:\/\/www.hno-tinnitus-freiburg.de\/cms\/wp-json\/wp\/v2\/pages\/76"}],"wp:attachment":[{"href":"https:\/\/www.hno-tinnitus-freiburg.de\/cms\/wp-json\/wp\/v2\/media?parent=372"}],"curies":[{"name":"wp","href":"https:\/\/api.w.org\/{rel}","templated":true}]}}