{"id":65,"date":"2018-10-22T18:12:37","date_gmt":"2018-10-22T16:12:37","guid":{"rendered":"http:\/\/k-ross.beebox.de\/cms\/?page_id=65"},"modified":"2023-10-10T13:52:05","modified_gmt":"2023-10-10T11:52:05","slug":"kontakt","status":"publish","type":"page","link":"https:\/\/www.hno-tinnitus-freiburg.de\/cms\/kontakt\/","title":{"rendered":"Kontakt"},"content":{"rendered":"<p>[et_pb_section fb_built=&#8220;1&#8243; _builder_version=&#8220;4.16&#8243; background_color=&#8220;#ffb356&#8243; global_colors_info=&#8220;{}&#8220;][et_pb_row _builder_version=&#8220;4.16&#8243; module_alignment=&#8220;center&#8220; global_colors_info=&#8220;{}&#8220;][et_pb_column type=&#8220;4_4&#8243; _builder_version=&#8220;4.16&#8243; custom_padding=&#8220;|||&#8220; global_colors_info=&#8220;{}&#8220; custom_padding__hover=&#8220;|||&#8220;][et_pb_text _builder_version=&#8220;4.16&#8243; header_2_font=&#8220;Lato|900||on|||||&#8220; header_2_text_color=&#8220;#ffffff&#8220; header_2_letter_spacing=&#8220;4px&#8220; header_2_line_height=&#8220;1.2em&#8220; global_colors_info=&#8220;{}&#8220;]<\/p>\n<h2 style=\"text-align: left;\">Kontakt<\/h2>\n<p>[\/et_pb_text][\/et_pb_column][\/et_pb_row][\/et_pb_section][et_pb_section fb_built=&#8220;1&#8243; admin_label=&#8220;Contact Section&#8220; _builder_version=&#8220;4.16&#8243; custom_padding=&#8220;54px|0px|0|0px|false|false&#8220; bottom_divider_flip=&#8220;horizontal&#8220; bottom_divider_arrangement=&#8220;above_content&#8220; global_colors_info=&#8220;{}&#8220;][et_pb_row column_structure=&#8220;1_3,2_3&#8243; admin_label=&#8220;Contact Area&#8220; _builder_version=&#8220;4.16&#8243; global_colors_info=&#8220;{}&#8220;][et_pb_column type=&#8220;1_3&#8243; _builder_version=&#8220;4.16&#8243; custom_padding=&#8220;|||&#8220; global_colors_info=&#8220;{}&#8220; custom_padding__hover=&#8220;|||&#8220;][et_pb_text admin_label=&#8220;Anschrift:&#8220; _builder_version=&#8220;4.16&#8243; text_font=&#8220;|900|||||||&#8220; header_font_size=&#8220;20px&#8220; header_2_font=&#8220;Lato|900||on|||||&#8220; header_2_text_color=&#8220;#5e5e5e&#8220; header_2_font_size=&#8220;20px&#8220; header_2_letter_spacing=&#8220;2px&#8220; header_2_line_height=&#8220;1.2em&#8220; header_6_font=&#8220;Lato|700|||||||&#8220; header_6_text_color=&#8220;#737a7a&#8220; header_6_font_size=&#8220;18px&#8220; header_6_letter_spacing=&#8220;1px&#8220; header_6_line_height=&#8220;1.8em&#8220; max_width=&#8220;600px&#8220; module_alignment=&#8220;left&#8220; custom_margin=&#8220;30px||30px||true|false&#8220; custom_padding=&#8220;|||&#8220; custom_padding_tablet=&#8220;|0vw||0vw||true&#8220; custom_padding_phone=&#8220;|||||false&#8220; custom_padding_last_edited=&#8220;off|desktop&#8220; animation_style=&#8220;slide&#8220; animation_direction=&#8220;bottom&#8220; animation_intensity_slide=&#8220;5%&#8220; global_colors_info=&#8220;{}&#8220;]<\/p>\n<h2>Anschrift:<\/h2>\n<p>[\/et_pb_text][et_pb_divider _builder_version=&#8220;4.16&#8243; global_colors_info=&#8220;{}&#8220;][\/et_pb_divider][et_pb_text admin_label=&#8220;Text Adresse&#8220; _builder_version=&#8220;4.16&#8243; text_font=&#8220;Lato||||||||&#8220; text_font_size=&#8220;16px&#8220; text_line_height=&#8220;1.8em&#8220; link_font=&#8220;|700|||||||&#8220; ul_line_height=&#8220;1.8em&#8220; header_2_font=&#8220;Lato|700|||||||&#8220; header_2_font_size=&#8220;30px&#8220; header_2_letter_spacing=&#8220;1px&#8220; header_2_line_height=&#8220;1.5em&#8220; custom_margin=&#8220;||0px|&#8220; animation_style=&#8220;slide&#8220; animation_direction=&#8220;bottom&#8220; animation_intensity_slide=&#8220;5%&#8220; header_2_font_size_tablet=&#8220;&#8220; header_2_font_size_phone=&#8220;22px&#8220; header_2_font_size_last_edited=&#8220;on|phone&#8220; global_colors_info=&#8220;{}&#8220;]<\/p>\n<p><strong>Praxis PD Dr. Uwe H. Ross<\/strong><br \/>Luisenstra\u00dfe 6, <br \/>D-79098 Freiburg im Breisgau<\/p>\n<p><strong>Fon<\/strong> (0761) 7077-321<br \/><strong>Fax<\/strong> (0761) 7077-322<\/p>\n<p><strong>E-Mail:<\/strong> <a href=\"mailto:dr-ross@web.de\">dr-ross@web.de<\/a><\/p>\n<p>[\/et_pb_text][\/et_pb_column][et_pb_column type=&#8220;2_3&#8243; _builder_version=&#8220;4.16&#8243; custom_padding=&#8220;|||&#8220; global_colors_info=&#8220;{}&#8220; custom_padding__hover=&#8220;|||&#8220;][et_pb_text admin_label=&#8220;Ihr Weg in unsere Praxis&#8220; _builder_version=&#8220;4.16&#8243; text_font=&#8220;|900|||||||&#8220; header_font_size=&#8220;20px&#8220; header_2_font=&#8220;Lato|900||on|||||&#8220; header_2_text_color=&#8220;#5e5e5e&#8220; header_2_font_size=&#8220;20px&#8220; header_2_letter_spacing=&#8220;2px&#8220; header_2_line_height=&#8220;1.2em&#8220; header_6_font=&#8220;Lato|700|||||||&#8220; header_6_text_color=&#8220;#737a7a&#8220; header_6_font_size=&#8220;18px&#8220; header_6_letter_spacing=&#8220;1px&#8220; header_6_line_height=&#8220;1.8em&#8220; max_width=&#8220;600px&#8220; module_alignment=&#8220;left&#8220; custom_margin=&#8220;30px||30px||true|false&#8220; custom_padding=&#8220;|||&#8220; custom_padding_tablet=&#8220;|0vw||0vw||true&#8220; custom_padding_phone=&#8220;|||||false&#8220; custom_padding_last_edited=&#8220;off|desktop&#8220; animation_style=&#8220;slide&#8220; animation_direction=&#8220;bottom&#8220; animation_intensity_slide=&#8220;5%&#8220; global_colors_info=&#8220;{}&#8220;]<\/p>\n<h2>Ihr Weg in unsere Praxis<\/h2>\n<p>[\/et_pb_text][et_pb_divider _builder_version=&#8220;4.16&#8243; global_colors_info=&#8220;{}&#8220;][\/et_pb_divider][et_pb_image src=&#8220;https:\/\/www.hno-tinnitus-freiburg.de\/cms\/wp-content\/uploads\/2018\/11\/6197882de0.jpg&#8220; show_in_lightbox=&#8220;on&#8220; align_tablet=&#8220;center&#8220; align_phone=&#8220;&#8220; align_last_edited=&#8220;on|desktop&#8220; admin_label=&#8220;Bild Anfahrtsskizze&#8220; _builder_version=&#8220;4.16&#8243; border_radii=&#8220;|5px|5px|5px|5px&#8220; border_width_all=&#8220;1px&#8220; global_colors_info=&#8220;{}&#8220;][\/et_pb_image][\/et_pb_column][\/et_pb_row][\/et_pb_section][et_pb_section fb_built=&#8220;1&#8243; custom_padding_last_edited=&#8220;on|tablet&#8220; admin_label=&#8220;About Me&#8220; _builder_version=&#8220;4.16&#8243; background_color=&#8220;#ffffff&#8220; custom_padding=&#8220;||50px|&#8220; custom_padding_tablet=&#8220;&#8220; custom_padding_phone=&#8220;&#8220; bottom_divider_flip=&#8220;horizontal&#8220; global_colors_info=&#8220;{}&#8220;][et_pb_row column_structure=&#8220;1_3,1_3,1_3&#8243; _builder_version=&#8220;4.16&#8243; global_colors_info=&#8220;{}&#8220;][et_pb_column type=&#8220;1_3&#8243; _builder_version=&#8220;4.16&#8243; custom_padding=&#8220;|||&#8220; global_colors_info=&#8220;{}&#8220; custom_padding__hover=&#8220;|||&#8220;][et_pb_image src=&#8220;https:\/\/www.hno-tinnitus-freiburg.de\/cms\/wp-content\/uploads\/2018\/12\/BBX_FreiburgerMuensterVonSchlossberg_2_400x600-WEB.jpg&#8220; align_tablet=&#8220;center&#8220; align_phone=&#8220;&#8220; align_last_edited=&#8220;on|desktop&#8220; admin_label=&#8220;Bild Freiburg&#8220; _builder_version=&#8220;4.16&#8243; global_colors_info=&#8220;{}&#8220;][\/et_pb_image][\/et_pb_column][et_pb_column type=&#8220;1_3&#8243; _builder_version=&#8220;4.16&#8243; custom_padding=&#8220;|||&#8220; global_colors_info=&#8220;{}&#8220; custom_padding__hover=&#8220;|||&#8220;][et_pb_text admin_label=&#8220;Text \u00d6PNV&#8220; _builder_version=&#8220;4.16&#8243; text_font=&#8220;Lato||||||||&#8220; text_font_size=&#8220;16&#8243; global_colors_info=&#8220;{}&#8220;]<\/p>\n<p><strong>Mit \u00f6ffentlichen Verkehrsmitteln:<\/strong><\/p>\n<hr \/>\n<p>Freiburg besitzt eine ausgezeichnete Verkehrsanbindung \u00fcber die Deutsche Bahn (ICE).<\/p>\n<p>[\/et_pb_text][et_pb_text admin_label=&#8220;Text StraBa HBF&#8220; _builder_version=&#8220;4.16&#8243; text_font_size=&#8220;16&#8243; global_colors_info=&#8220;{}&#8220;]<\/p>\n<p><strong>Vom Hauptbahnhof Freiburg<\/strong><\/p>\n<hr \/>\n<p>ist die Praxis mit der <strong>Stra\u00dfenbahn-Linie 3<\/strong> (Richtung Vauban) oder mit der <strong>Linie 5<\/strong> (Richtung Rieselfeld) leicht zu erreichen (Haltestelle: &#8222;Holzmarkt&#8220;). Von hier aus sind es nur 5 weitere Gehminuten bis zur Praxis.<\/p>\n<p>[\/et_pb_text][et_pb_text admin_label=&#8220;Text StraBa Bertoldsbrunnen&#8220; _builder_version=&#8220;4.16&#8243; text_font=&#8220;Lato||||||||&#8220; text_font_size=&#8220;16px&#8220; text_line_height=&#8220;1.8em&#8220; link_font=&#8220;|700|||||||&#8220; link_text_color=&#8220;#ffffff&#8220; ul_line_height=&#8220;1.8em&#8220; header_2_font=&#8220;Lato|700|||||||&#8220; header_2_font_size=&#8220;30px&#8220; header_2_letter_spacing=&#8220;1px&#8220; header_2_line_height=&#8220;1.5em&#8220; custom_margin=&#8220;||0px|&#8220; animation_style=&#8220;slide&#8220; animation_direction=&#8220;bottom&#8220; animation_intensity_slide=&#8220;5%&#8220; header_2_font_size_tablet=&#8220;&#8220; header_2_font_size_phone=&#8220;22px&#8220; header_2_font_size_last_edited=&#8220;on|phone&#8220; global_colors_info=&#8220;{}&#8220;]<\/p>\n<p><strong>Vom Bertoldsbrunnen<\/strong><\/p>\n<hr \/>\n<p>ist die Praxis in ca. 15 Minuten zu Fu\u00df erreichbar. Alternativ nehmen Sie die Stra\u00dfenbahn Linie 3\/5, oder auch Linie 2 (Richtung G\u00fcnterstal) bis Haltestelle \u201eHolzmarkt\u201c, von hier aus sind es wiederum nur 5 Gehminuten bis zur Praxis.<\/p>\n<p>[\/et_pb_text][\/et_pb_column][et_pb_column type=&#8220;1_3&#8243; _builder_version=&#8220;4.16&#8243; custom_padding=&#8220;|||&#8220; global_colors_info=&#8220;{}&#8220; custom_padding__hover=&#8220;|||&#8220;][et_pb_text admin_label=&#8220;Text Anfahrt Auto&#8220; _builder_version=&#8220;4.16&#8243; text_font=&#8220;Lato||||||||&#8220; text_font_size=&#8220;16px&#8220; text_line_height=&#8220;1.8em&#8220; link_font=&#8220;|700|||||||&#8220; link_text_color=&#8220;#ffffff&#8220; ul_line_height=&#8220;1.8em&#8220; header_2_font=&#8220;Lato|700|||||||&#8220; header_2_font_size=&#8220;30px&#8220; header_2_letter_spacing=&#8220;1px&#8220; header_2_line_height=&#8220;1.5em&#8220; custom_margin=&#8220;||0px|&#8220; animation_style=&#8220;slide&#8220; animation_direction=&#8220;bottom&#8220; animation_intensity_slide=&#8220;5%&#8220; header_2_font_size_tablet=&#8220;&#8220; header_2_font_size_phone=&#8220;22px&#8220; header_2_font_size_last_edited=&#8220;on|phone&#8220; global_colors_info=&#8220;{}&#8220;]<\/p>\n<p><strong>Mit dem Auto:<\/strong><\/p>\n<hr>\n<p>\u00dcber die Autobahn A5 aus Richtung Karlsruhe oder Basel (Abfahrt: &#8222;Freiburg-Mitte&#8220;) weiter auf dem Zubringer Richtung Freiburg-Zentrum. Hinweis: Die Luisenstra\u00dfe ist momentan Einbahnstra\u00dfe, daher nur von der Wallstra\u00dfe\/Holzmarkt einfahrbar!<\/p>\n<p><strong>Parkm\u00f6glichkeiten<\/strong> sind direkt auf dem Praxisgrundst\u00fcck in der Luisenstra\u00dfe 6 gegeben.<\/p>\n<p>[\/et_pb_text][\/et_pb_column][\/et_pb_row][\/et_pb_section][et_pb_section fb_built=&#8220;1&#8243; _builder_version=&#8220;4.22.2&#8243; _module_preset=&#8220;default&#8220; background_color=&#8220;#404040&#8243; custom_padding=&#8220;5px||5px||false|false&#8220; hover_enabled=&#8220;0&#8243; global_colors_info=&#8220;{}&#8220; sticky_enabled=&#8220;0&#8243;][et_pb_row _builder_version=&#8220;4.22.2&#8243; _module_preset=&#8220;default&#8220; custom_margin=&#8220;0px||0px||false|false&#8220; custom_padding=&#8220;0px||0px||false|false&#8220; hover_enabled=&#8220;0&#8243; global_colors_info=&#8220;{}&#8220; sticky_enabled=&#8220;0&#8243;][et_pb_column type=&#8220;4_4&#8243; _builder_version=&#8220;4.22.2&#8243; _module_preset=&#8220;default&#8220; global_colors_info=&#8220;{}&#8220;][et_pb_code admin_label=&#8220;OSM Code&#8220; _builder_version=&#8220;4.22.2&#8243; _module_preset=&#8220;default&#8220; text_orientation=&#8220;center&#8220; hover_enabled=&#8220;0&#8243; global_colors_info=&#8220;{}&#8220; sticky_enabled=&#8220;0&#8243;]<iframe loading=\"lazy\" width=\"100%\" height=\"450\" src=\"https:\/\/www.openstreetmap.org\/export\/embed.html?bbox=7.8269433975219735%2C47.97894885767052%2C7.872819900512696%2C48.00362004249041&#038;layer=mapnik&#038;marker=47.99128592441868%2C7.849881649017334\" style=\"border: 1px solid black; pointer-events:auto;\"><\/iframe><!\u2013- [et_pb_br_holder] -\u2013><small><a href=\"https:\/\/www.openstreetmap.org\/?mlat=47.9913&#038;mlon=7.8499#map=15\/47.9913\/7.8499\" target=\"_blank\" rel=\"noopener\">Gr\u00f6\u00dfere Karte anzeigen<\/a><\/small>[\/et_pb_code][\/et_pb_column][\/et_pb_row][\/et_pb_section]<\/p>\n","protected":false},"excerpt":{"rendered":"<p>Kontakt Anschrift: Praxis PD Dr. Uwe H. RossLuisenstra\u00dfe 6, D-79098 Freiburg im Breisgau Fon (0761) 7077-321Fax (0761) 7077-322 E-Mail: dr-ross@web.de Ihr Weg in unsere Praxis Mit \u00f6ffentlichen Verkehrsmitteln: Freiburg besitzt eine ausgezeichnete Verkehrsanbindung \u00fcber die Deutsche Bahn (ICE). Vom Hauptbahnhof Freiburg ist die Praxis mit der Stra\u00dfenbahn-Linie 3 (Richtung Vauban) oder mit der Linie 5 [&hellip;]<\/p>\n","protected":false},"author":2,"featured_media":0,"parent":0,"menu_order":23,"comment_status":"closed","ping_status":"closed","template":"","meta":{"_et_pb_use_builder":"on","_et_pb_old_content":"","_et_gb_content_width":"","footnotes":""},"class_list":["post-65","page","type-page","status-publish","hentry"],"_links":{"self":[{"href":"https:\/\/www.hno-tinnitus-freiburg.de\/cms\/wp-json\/wp\/v2\/pages\/65","targetHints":{"allow":["GET"]}}],"collection":[{"href":"https:\/\/www.hno-tinnitus-freiburg.de\/cms\/wp-json\/wp\/v2\/pages"}],"about":[{"href":"https:\/\/www.hno-tinnitus-freiburg.de\/cms\/wp-json\/wp\/v2\/types\/page"}],"author":[{"embeddable":true,"href":"https:\/\/www.hno-tinnitus-freiburg.de\/cms\/wp-json\/wp\/v2\/users\/2"}],"replies":[{"embeddable":true,"href":"https:\/\/www.hno-tinnitus-freiburg.de\/cms\/wp-json\/wp\/v2\/comments?post=65"}],"version-history":[{"count":85,"href":"https:\/\/www.hno-tinnitus-freiburg.de\/cms\/wp-json\/wp\/v2\/pages\/65\/revisions"}],"predecessor-version":[{"id":2049,"href":"https:\/\/www.hno-tinnitus-freiburg.de\/cms\/wp-json\/wp\/v2\/pages\/65\/revisions\/2049"}],"wp:attachment":[{"href":"https:\/\/www.hno-tinnitus-freiburg.de\/cms\/wp-json\/wp\/v2\/media?parent=65"}],"curies":[{"name":"wp","href":"https:\/\/api.w.org\/{rel}","templated":true}]}}