{"id":71,"date":"2018-10-22T18:13:43","date_gmt":"2018-10-22T16:13:43","guid":{"rendered":"http:\/\/k-ross.beebox.de\/cms\/?page_id=71"},"modified":"2026-01-16T16:45:11","modified_gmt":"2026-01-16T15:45:11","slug":"news-veranstaltungen","status":"publish","type":"page","link":"https:\/\/www.hno-tinnitus-freiburg.de\/cms\/news-veranstaltungen\/","title":{"rendered":"News &#038; Veranstaltungen"},"content":{"rendered":"<p>[et_pb_section fb_built=&#8220;1&#8243; _builder_version=&#8220;4.16&#8243; background_color=&#8220;#ffb356&#8243; global_colors_info=&#8220;{}&#8220;][et_pb_row _builder_version=&#8220;4.16&#8243; global_colors_info=&#8220;{}&#8220;][et_pb_column type=&#8220;4_4&#8243; _builder_version=&#8220;4.16&#8243; custom_padding=&#8220;|||&#8220; global_colors_info=&#8220;{}&#8220; custom_padding__hover=&#8220;|||&#8220;][et_pb_text _builder_version=&#8220;4.16&#8243; header_2_font=&#8220;Lato|900||on|||||&#8220; header_2_text_color=&#8220;#ffffff&#8220; header_2_letter_spacing=&#8220;4px&#8220; header_2_line_height=&#8220;1.2em&#8220; global_colors_info=&#8220;{}&#8220;]<\/p>\n<h2 style=\"text-align: left;\">News und Veranstaltungen<\/h2>\n<p>[\/et_pb_text][\/et_pb_column][\/et_pb_row][\/et_pb_section][et_pb_section fb_built=&#8220;1&#8243; custom_padding_last_edited=&#8220;on|tablet&#8220; admin_label=&#8220;About Me&#8220; _builder_version=&#8220;4.16&#8243; background_color=&#8220;#ffffff&#8220; custom_padding=&#8220;||50px|&#8220; custom_padding_tablet=&#8220;&#8220; custom_padding_phone=&#8220;&#8220; bottom_divider_flip=&#8220;horizontal&#8220; global_colors_info=&#8220;{}&#8220;][et_pb_row column_structure=&#8220;1_2,1_2&#8243; _builder_version=&#8220;4.16&#8243; global_colors_info=&#8220;{}&#8220;][et_pb_column type=&#8220;1_2&#8243; _builder_version=&#8220;4.16&#8243; custom_padding=&#8220;|||&#8220; global_colors_info=&#8220;{}&#8220; custom_padding__hover=&#8220;|||&#8220;][et_pb_text admin_label=&#8220;Veranstaltungen 2026 headline&#8220; _builder_version=&#8220;4.27.4&#8243; global_colors_info=&#8220;{}&#8220;]<\/p>\n<h2><strong>VERANSTALTUNGEN 2026<\/strong><\/h2>\n<p>[\/et_pb_text][et_pb_text admin_label=&#8220;Intro Text&#8220; _builder_version=&#8220;4.16&#8243; global_colors_info=&#8220;{}&#8220;]<\/p>\n<p>Bei anhaltend positiver Resonanz unserer Seminarteilnehmer:innen freuen wir uns, Ihnen wie gewohnt lebendige und praxisnahe Veranstaltungen zum Themenfeld &#8222;Moderne Hypnose, Hypno-systemische Selbststeuerung und Ressourcen- aktivierende Kommunikation&#8220; bieten zu k\u00f6nnen.<\/p>\n<p>[\/et_pb_text][et_pb_image src=&#8220;https:\/\/www.hno-tinnitus-freiburg.de\/cms\/wp-content\/uploads\/2018\/10\/Praxis-5.jpg&#8220; title_text=&#8220;Praxis-5&#8243; disabled_on=&#8220;off|off|off&#8220; _builder_version=&#8220;4.16&#8243; _module_preset=&#8220;default&#8220; height=&#8220;597px&#8220; height_tablet=&#8220;597px&#8220; height_phone=&#8220;582px&#8220; height_last_edited=&#8220;on|phone&#8220; max_height=&#8220;592px&#8220; max_height_tablet=&#8220;592px&#8220; max_height_phone=&#8220;592px&#8220; max_height_last_edited=&#8220;on|phone&#8220; global_colors_info=&#8220;{}&#8220;][\/et_pb_image][et_pb_text admin_label=&#8220;Seminare, Workshops &#038; Vortr\u00e4ge headline&#8220; _builder_version=&#8220;4.16&#8243; text_font=&#8220;|900|||||||&#8220; header_font_size=&#8220;20px&#8220; header_2_font=&#8220;Lato|900||on|||||&#8220; header_2_text_color=&#8220;#5e5e5e&#8220; header_2_font_size=&#8220;20px&#8220; header_2_letter_spacing=&#8220;2px&#8220; header_2_line_height=&#8220;1.2em&#8220; header_6_font=&#8220;Lato|700|||||||&#8220; header_6_text_color=&#8220;#737a7a&#8220; header_6_font_size=&#8220;18px&#8220; header_6_letter_spacing=&#8220;1px&#8220; header_6_line_height=&#8220;1.8em&#8220; max_width=&#8220;600px&#8220; module_alignment=&#8220;left&#8220; custom_margin=&#8220;30px||30px||true|false&#8220; custom_padding=&#8220;|||&#8220; custom_padding_tablet=&#8220;|0vw||0vw||true&#8220; custom_padding_phone=&#8220;|||||false&#8220; custom_padding_last_edited=&#8220;off|desktop&#8220; animation_style=&#8220;slide&#8220; animation_direction=&#8220;bottom&#8220; animation_intensity_slide=&#8220;5%&#8220; global_colors_info=&#8220;{}&#8220;]<\/p>\n<h2>Seminare, Workshops &amp; Vortr\u00e4ge<\/h2>\n<p>[\/et_pb_text][et_pb_text _builder_version=&#8220;4.27.4&#8243; text_font=&#8220;Lato||||||||&#8220; text_font_size=&#8220;16px&#8220; text_line_height=&#8220;1.8em&#8220; link_font=&#8220;|700|||||||&#8220; link_text_color=&#8220;#ffffff&#8220; ul_line_height=&#8220;1.8em&#8220; header_2_font=&#8220;Lato|700|||||||&#8220; header_2_font_size=&#8220;30px&#8220; header_2_letter_spacing=&#8220;1px&#8220; header_2_line_height=&#8220;1.5em&#8220; custom_margin=&#8220;||0px|&#8220; animation_style=&#8220;slide&#8220; animation_direction=&#8220;bottom&#8220; animation_intensity_slide=&#8220;5%&#8220; header_2_font_size_tablet=&#8220;&#8220; header_2_font_size_phone=&#8220;22px&#8220; header_2_font_size_last_edited=&#8220;on|phone&#8220; global_colors_info=&#8220;{}&#8220;]<\/p>\n<p>Aufmerksamkeits- und Selbststeuerungsf\u00e4higkeiten z\u00e4hlen zu den Kernkompetenzen unserer heutigen Zeit, gepr\u00e4gt von Beschleunigung, Unbest\u00e4ndigkeit und Komplexit\u00e4t.<\/p>\n<p>Hypno-systemische Ans\u00e4tze eignen sich in idealer Weise, pers\u00f6nliche Energie- und Aufmerksamkeitsressourcen zu erhalten, problematische Kommunikations- und Stress-Muster zu transformieren und ressoucevolle Bewusstseinszust\u00e4nde zu kultivieren.<\/p>\n<p class=\"bodytext\">Unser neues Programm gibt Ihnen wertvolle und hilfreiche Anregungen, wie Sie in der Interaktion mit Patienten, Klienten, Kollegen und Mitarbeitern<\/p>\n<ul>\n<li class=\"bodytext\">Stress-assoziierte Gesundheitsst\u00f6rungen bessern oder beseitigen<\/li>\n<li class=\"bodytext\">verdecktes Energie- und Gesundheitspotenzial entfalten<\/li>\n<li class=\"bodytext\">in herausfordernden Situationen Widerstandskraft f\u00f6rdern<\/li>\n<li class=\"bodytext\">Selbststeuerungskompetenzen verbessern<\/li>\n<li class=\"bodytext\">St\u00e4rken st\u00e4rken<\/li>\n<li class=\"bodytext\">Kommunikationsprozesse l\u00f6sungs- und ressourcenorientiert gestalten und hilfreiche Interaktionsmuster anregen<\/li>\n<li class=\"bodytext\">Klarheit und Sicherheit in Ver\u00e4nderungssituationen gewinnen<\/li>\n<\/ul>\n<p class=\"bodytext\"><a name=\"323\"><\/a>Lernen Sie ressourcen- und l\u00f6sungsfokussierende Ans\u00e4tze und Strategien zu ausgew\u00e4hlten Themen aus moderner Hypnose, systemischer Therapie und Beratung und Health-NLP unmittelbar praktisch erfahrbar kennen!<\/p>\n<p>[\/et_pb_text][\/et_pb_column][et_pb_column type=&#8220;1_2&#8243; _builder_version=&#8220;4.16&#8243; custom_padding=&#8220;|||&#8220; global_colors_info=&#8220;{}&#8220; custom_padding__hover=&#8220;|||&#8220;][et_pb_text admin_label=&#8220;Headline: Programm &#038; Anmeldungscoupon 2026&#8243; _builder_version=&#8220;4.27.4&#8243; text_font=&#8220;|900|||||||&#8220; header_font_size=&#8220;20px&#8220; header_2_font=&#8220;Lato|900||on|||||&#8220; header_2_text_color=&#8220;#5e5e5e&#8220; header_2_font_size=&#8220;20px&#8220; header_2_letter_spacing=&#8220;2px&#8220; header_2_line_height=&#8220;1.2em&#8220; header_6_font=&#8220;Lato|700|||||||&#8220; header_6_text_color=&#8220;#737a7a&#8220; header_6_font_size=&#8220;18px&#8220; header_6_letter_spacing=&#8220;1px&#8220; header_6_line_height=&#8220;1.8em&#8220; max_width=&#8220;600px&#8220; module_alignment=&#8220;left&#8220; custom_margin=&#8220;30px||30px||true|false&#8220; custom_padding=&#8220;|||&#8220; custom_padding_tablet=&#8220;|0vw||0vw||true&#8220; custom_padding_phone=&#8220;|||||false&#8220; custom_padding_last_edited=&#8220;off|desktop&#8220; animation_style=&#8220;slide&#8220; animation_direction=&#8220;bottom&#8220; animation_intensity_slide=&#8220;5%&#8220; z_index_tablet=&#8220;500&#8243; text_text_shadow_horizontal_length_tablet=&#8220;0px&#8220; text_text_shadow_vertical_length_tablet=&#8220;0px&#8220; text_text_shadow_blur_strength_tablet=&#8220;1px&#8220; link_text_shadow_horizontal_length_tablet=&#8220;0px&#8220; link_text_shadow_vertical_length_tablet=&#8220;0px&#8220; link_text_shadow_blur_strength_tablet=&#8220;1px&#8220; ul_text_shadow_horizontal_length_tablet=&#8220;0px&#8220; ul_text_shadow_vertical_length_tablet=&#8220;0px&#8220; ul_text_shadow_blur_strength_tablet=&#8220;1px&#8220; ol_text_shadow_horizontal_length_tablet=&#8220;0px&#8220; ol_text_shadow_vertical_length_tablet=&#8220;0px&#8220; ol_text_shadow_blur_strength_tablet=&#8220;1px&#8220; quote_text_shadow_horizontal_length_tablet=&#8220;0px&#8220; quote_text_shadow_vertical_length_tablet=&#8220;0px&#8220; quote_text_shadow_blur_strength_tablet=&#8220;1px&#8220; header_text_shadow_horizontal_length_tablet=&#8220;0px&#8220; header_text_shadow_vertical_length_tablet=&#8220;0px&#8220; header_text_shadow_blur_strength_tablet=&#8220;1px&#8220; header_2_text_shadow_horizontal_length_tablet=&#8220;0px&#8220; header_2_text_shadow_vertical_length_tablet=&#8220;0px&#8220; header_2_text_shadow_blur_strength_tablet=&#8220;1px&#8220; header_3_text_shadow_horizontal_length_tablet=&#8220;0px&#8220; header_3_text_shadow_vertical_length_tablet=&#8220;0px&#8220; header_3_text_shadow_blur_strength_tablet=&#8220;1px&#8220; header_4_text_shadow_horizontal_length_tablet=&#8220;0px&#8220; header_4_text_shadow_vertical_length_tablet=&#8220;0px&#8220; header_4_text_shadow_blur_strength_tablet=&#8220;1px&#8220; header_5_text_shadow_horizontal_length_tablet=&#8220;0px&#8220; header_5_text_shadow_vertical_length_tablet=&#8220;0px&#8220; header_5_text_shadow_blur_strength_tablet=&#8220;1px&#8220; header_6_text_shadow_horizontal_length_tablet=&#8220;0px&#8220; header_6_text_shadow_vertical_length_tablet=&#8220;0px&#8220; header_6_text_shadow_blur_strength_tablet=&#8220;1px&#8220; box_shadow_horizontal_tablet=&#8220;0px&#8220; box_shadow_vertical_tablet=&#8220;0px&#8220; box_shadow_blur_tablet=&#8220;40px&#8220; box_shadow_spread_tablet=&#8220;0px&#8220; global_colors_info=&#8220;{}&#8220;]<\/p>\n<h2>Das Programm &amp; Anmeldungs-Coupon f\u00fcr 2026 finden Sie hier:<\/h2>\n<p>[\/et_pb_text][et_pb_blurb title=&#8220;FLYER SEMINARE 2026&#8243; url=&#8220;https:\/\/www.hno-tinnitus-freiburg.de\/cms\/wp-content\/uploads\/2026\/01\/Flyer-SEMINARE-2026-I-Website.pdf&#8220; url_new_window=&#8220;on&#8220; use_icon=&#8220;on&#8220; font_icon=&#8220;&#xe05f;||divi||400&#8243; icon_color=&#8220;#ffb356&#8243; icon_placement=&#8220;left&#8220; image_icon_width=&#8220;28px&#8220; content_max_width=&#8220;1100px&#8220; admin_label=&#8220;FLYER SEMINARE 2026&#8243; _builder_version=&#8220;4.27.4&#8243; header_font=&#8220;Lato||||on|||#ffb356|&#8220; header_font_size=&#8220;16px&#8220; header_line_height=&#8220;1.4em&#8220; custom_margin=&#8220;|||&#8220; animation_style=&#8220;slide&#8220; animation_direction=&#8220;bottom&#8220; animation_intensity_slide=&#8220;5%&#8220; link_option_url_new_window=&#8220;on&#8220; hover_enabled=&#8220;0&#8243; z_index_tablet=&#8220;500&#8243; header_text_shadow_horizontal_length_tablet=&#8220;0px&#8220; header_text_shadow_vertical_length_tablet=&#8220;0px&#8220; header_text_shadow_blur_strength_tablet=&#8220;1px&#8220; body_text_shadow_horizontal_length_tablet=&#8220;0px&#8220; body_text_shadow_vertical_length_tablet=&#8220;0px&#8220; body_text_shadow_blur_strength_tablet=&#8220;1px&#8220; body_link_text_shadow_horizontal_length_tablet=&#8220;0px&#8220; body_link_text_shadow_vertical_length_tablet=&#8220;0px&#8220; body_link_text_shadow_blur_strength_tablet=&#8220;1px&#8220; body_ul_text_shadow_horizontal_length_tablet=&#8220;0px&#8220; body_ul_text_shadow_vertical_length_tablet=&#8220;0px&#8220; body_ul_text_shadow_blur_strength_tablet=&#8220;1px&#8220; body_ol_text_shadow_horizontal_length_tablet=&#8220;0px&#8220; body_ol_text_shadow_vertical_length_tablet=&#8220;0px&#8220; body_ol_text_shadow_blur_strength_tablet=&#8220;1px&#8220; body_quote_text_shadow_horizontal_length_tablet=&#8220;0px&#8220; body_quote_text_shadow_vertical_length_tablet=&#8220;0px&#8220; body_quote_text_shadow_blur_strength_tablet=&#8220;1px&#8220; box_shadow_horizontal_tablet=&#8220;0px&#8220; box_shadow_vertical_tablet=&#8220;0px&#8220; box_shadow_blur_tablet=&#8220;40px&#8220; box_shadow_spread_tablet=&#8220;0px&#8220; box_shadow_horizontal_image_tablet=&#8220;0px&#8220; box_shadow_vertical_image_tablet=&#8220;0px&#8220; box_shadow_blur_image_tablet=&#8220;40px&#8220; box_shadow_spread_image_tablet=&#8220;0px&#8220; text_shadow_horizontal_length_tablet=&#8220;0px&#8220; text_shadow_vertical_length_tablet=&#8220;0px&#8220; text_shadow_blur_strength_tablet=&#8220;1px&#8220; icon_font_size=&#8220;28px&#8220; saved_tabs=&#8220;all&#8220; global_colors_info=&#8220;{}&#8220; sticky_enabled=&#8220;0&#8243;][\/et_pb_blurb][et_pb_blurb title=&#8220;ANMELDUNGS COUPON 2026&#8243; url=&#8220;https:\/\/www.hno-tinnitus-freiburg.de\/cms\/wp-content\/uploads\/2026\/01\/ANMELDUNGS-Coupon-2026-I.pdf&#8220; url_new_window=&#8220;on&#8220; use_icon=&#8220;on&#8220; font_icon=&#8220;&#xe05f;||divi||400&#8243; icon_color=&#8220;#ffb356&#8243; icon_placement=&#8220;left&#8220; image_icon_width=&#8220;28px&#8220; content_max_width=&#8220;1100px&#8220; admin_label=&#8220;ANMELDUNGS COUPON 2026&#8243; _builder_version=&#8220;4.27.4&#8243; header_font=&#8220;Lato||||on|||#ffb356|&#8220; header_font_size=&#8220;16px&#8220; header_line_height=&#8220;1.4em&#8220; custom_margin=&#8220;|||&#8220; animation_style=&#8220;slide&#8220; animation_direction=&#8220;bottom&#8220; animation_intensity_slide=&#8220;5%&#8220; link_option_url_new_window=&#8220;on&#8220; z_index_tablet=&#8220;500&#8243; header_text_shadow_horizontal_length_tablet=&#8220;0px&#8220; header_text_shadow_vertical_length_tablet=&#8220;0px&#8220; header_text_shadow_blur_strength_tablet=&#8220;1px&#8220; body_text_shadow_horizontal_length_tablet=&#8220;0px&#8220; body_text_shadow_vertical_length_tablet=&#8220;0px&#8220; body_text_shadow_blur_strength_tablet=&#8220;1px&#8220; body_link_text_shadow_horizontal_length_tablet=&#8220;0px&#8220; body_link_text_shadow_vertical_length_tablet=&#8220;0px&#8220; body_link_text_shadow_blur_strength_tablet=&#8220;1px&#8220; body_ul_text_shadow_horizontal_length_tablet=&#8220;0px&#8220; body_ul_text_shadow_vertical_length_tablet=&#8220;0px&#8220; body_ul_text_shadow_blur_strength_tablet=&#8220;1px&#8220; body_ol_text_shadow_horizontal_length_tablet=&#8220;0px&#8220; body_ol_text_shadow_vertical_length_tablet=&#8220;0px&#8220; body_ol_text_shadow_blur_strength_tablet=&#8220;1px&#8220; body_quote_text_shadow_horizontal_length_tablet=&#8220;0px&#8220; body_quote_text_shadow_vertical_length_tablet=&#8220;0px&#8220; body_quote_text_shadow_blur_strength_tablet=&#8220;1px&#8220; box_shadow_horizontal_tablet=&#8220;0px&#8220; box_shadow_vertical_tablet=&#8220;0px&#8220; box_shadow_blur_tablet=&#8220;40px&#8220; box_shadow_spread_tablet=&#8220;0px&#8220; box_shadow_horizontal_image_tablet=&#8220;0px&#8220; box_shadow_vertical_image_tablet=&#8220;0px&#8220; box_shadow_blur_image_tablet=&#8220;40px&#8220; box_shadow_spread_image_tablet=&#8220;0px&#8220; text_shadow_horizontal_length_tablet=&#8220;0px&#8220; text_shadow_vertical_length_tablet=&#8220;0px&#8220; text_shadow_blur_strength_tablet=&#8220;1px&#8220; icon_font_size=&#8220;28px&#8220; saved_tabs=&#8220;all&#8220; global_colors_info=&#8220;{}&#8220;][\/et_pb_blurb][et_pb_text _builder_version=&#8220;4.22.2&#8243; text_font=&#8220;Lato||||||||&#8220; text_font_size=&#8220;16px&#8220; text_line_height=&#8220;1.8em&#8220; link_font=&#8220;|700|||||||&#8220; ul_line_height=&#8220;1.8em&#8220; header_2_font=&#8220;Lato|700|||||||&#8220; header_2_font_size=&#8220;30px&#8220; header_2_letter_spacing=&#8220;1px&#8220; header_2_line_height=&#8220;1.5em&#8220; custom_margin=&#8220;||0px|&#8220; animation_style=&#8220;slide&#8220; animation_direction=&#8220;bottom&#8220; animation_intensity_slide=&#8220;5%&#8220; header_2_font_size_tablet=&#8220;&#8220; header_2_font_size_phone=&#8220;22px&#8220; header_2_font_size_last_edited=&#8220;on|phone&#8220; global_colors_info=&#8220;{}&#8220;]<\/p>\n<p>Zur <strong><a href=\"https:\/\/www.per-sono.de\/seminare\/\">ONLINE-ANMELDUNG<\/a><\/strong> und weiteren Informationen besuchen Sie unsere <strong><a href=\"https:\/\/www.per-sono.de\/seminare\/\">Seminar- und Supervisions-Website<\/a><\/strong> <a href=\"https:\/\/www.per-sono.de\/seminare\/\"><strong>hier<\/strong><\/a>.<\/p>\n<p>Wir freuen uns, wenn die eine oder andere Veranstaltung Ihr Interesse findet, und w\u00fcnschen Ihnen schon jetzt eine angenehme Zeit wertvoller Erfahrungen. Zus\u00e4tzlich zu den nebenstehenden Veranstaltungen f\u00fchren wir spezielle themenbezogene Seminare f\u00fcr Institutionen und Unternehmen als Inhouse-Schulungen durch.<\/p>\n<p>Hypno-systemische Supervision f\u00fchren wir f\u00fcr Einzelpersonen und Teams in Praxen und Kliniken durch.<\/p>\n<p><strong><a href=\"https:\/\/www.hno-tinnitus-freiburg.de\/cms\/kontakt\/\">Fragen Sie einfach an.<\/a><\/strong><\/p>\n<p>&nbsp;<\/p>\n<p>[\/et_pb_text][\/et_pb_column][\/et_pb_row][\/et_pb_section][et_pb_section fb_built=&#8220;1&#8243; _builder_version=&#8220;4.16&#8243; global_colors_info=&#8220;{}&#8220;][et_pb_row use_custom_gutter=&#8220;on&#8220; gutter_width=&#8220;2&#8243; _builder_version=&#8220;4.16&#8243; global_colors_info=&#8220;{}&#8220;][et_pb_column type=&#8220;4_4&#8243; _builder_version=&#8220;4.16&#8243; custom_padding=&#8220;|||&#8220; global_colors_info=&#8220;{}&#8220; custom_padding__hover=&#8220;|||&#8220;][et_pb_blog fullwidth=&#8220;off&#8220; include_categories=&#8220;1&#8243; meta_date=&#8220;j. M Y&#8220; show_more=&#8220;on&#8220; show_author=&#8220;off&#8220; show_categories=&#8220;off&#8220; masonry_tile_background_color=&#8220;rgba(255,179,86,0.2)&#8220; _builder_version=&#8220;4.16&#8243; header_font=&#8220;Lato|900||on|||||&#8220; header_text_color=&#8220;#e57622&#8243; header_font_size=&#8220;17&#8243; header_line_height=&#8220;1.2em&#8220; animation_style=&#8220;slide&#8220; border_radii=&#8220;|5px|5px|5px|5px&#8220; border_color_all=&#8220;rgba(94,94,94,0.21)&#8220; global_colors_info=&#8220;{}&#8220;][\/et_pb_blog][\/et_pb_column][\/et_pb_row][\/et_pb_section]<\/p>\n","protected":false},"excerpt":{"rendered":"<p>News und Veranstaltungen VERANSTALTUNGEN 2026Bei anhaltend positiver Resonanz unserer Seminarteilnehmer:innen freuen wir uns, Ihnen wie gewohnt lebendige und praxisnahe Veranstaltungen zum Themenfeld &#8222;Moderne Hypnose, Hypno-systemische Selbststeuerung und Ressourcen- aktivierende Kommunikation&#8220; bieten zu k\u00f6nnen.Seminare, Workshops &amp; Vortr\u00e4ge Aufmerksamkeits- und Selbststeuerungsf\u00e4higkeiten z\u00e4hlen zu den Kernkompetenzen unserer heutigen Zeit, gepr\u00e4gt von Beschleunigung, Unbest\u00e4ndigkeit und Komplexit\u00e4t. Hypno-systemische Ans\u00e4tze eignen [&hellip;]<\/p>\n","protected":false},"author":2,"featured_media":0,"parent":0,"menu_order":21,"comment_status":"closed","ping_status":"closed","template":"","meta":{"_et_pb_use_builder":"on","_et_pb_old_content":"","_et_gb_content_width":"","footnotes":""},"class_list":["post-71","page","type-page","status-publish","hentry"],"_links":{"self":[{"href":"https:\/\/www.hno-tinnitus-freiburg.de\/cms\/wp-json\/wp\/v2\/pages\/71","targetHints":{"allow":["GET"]}}],"collection":[{"href":"https:\/\/www.hno-tinnitus-freiburg.de\/cms\/wp-json\/wp\/v2\/pages"}],"about":[{"href":"https:\/\/www.hno-tinnitus-freiburg.de\/cms\/wp-json\/wp\/v2\/types\/page"}],"author":[{"embeddable":true,"href":"https:\/\/www.hno-tinnitus-freiburg.de\/cms\/wp-json\/wp\/v2\/users\/2"}],"replies":[{"embeddable":true,"href":"https:\/\/www.hno-tinnitus-freiburg.de\/cms\/wp-json\/wp\/v2\/comments?post=71"}],"version-history":[{"count":152,"href":"https:\/\/www.hno-tinnitus-freiburg.de\/cms\/wp-json\/wp\/v2\/pages\/71\/revisions"}],"predecessor-version":[{"id":2226,"href":"https:\/\/www.hno-tinnitus-freiburg.de\/cms\/wp-json\/wp\/v2\/pages\/71\/revisions\/2226"}],"wp:attachment":[{"href":"https:\/\/www.hno-tinnitus-freiburg.de\/cms\/wp-json\/wp\/v2\/media?parent=71"}],"curies":[{"name":"wp","href":"https:\/\/api.w.org\/{rel}","templated":true}]}}