{"id":74,"date":"2018-10-22T18:16:04","date_gmt":"2018-10-22T16:16:04","guid":{"rendered":"http:\/\/k-ross.beebox.de\/cms\/?page_id=74"},"modified":"2018-12-27T16:32:42","modified_gmt":"2018-12-27T15:32:42","slug":"impressum","status":"publish","type":"page","link":"https:\/\/www.hno-tinnitus-freiburg.de\/cms\/impressum\/","title":{"rendered":"Impressum"},"content":{"rendered":"<p>[et_pb_section bb_built=&#8220;1&#8243; next_background_color=&#8220;#ffffff&#8220; _builder_version=&#8220;3.17.6&#8243; background_color=&#8220;#ffb356&#8243; custom_margin=&#8220;||0px|&#8220; custom_padding=&#8220;||0px|&#8220;][et_pb_row _builder_version=&#8220;3.17.4&#8243; module_alignment=&#8220;center&#8220;][et_pb_column type=&#8220;4_4&#8243;][et_pb_text admin_label=&#8220;Impressum&#8220; _builder_version=&#8220;3.17.6&#8243; header_2_font=&#8220;Lato|900||on|||||&#8220; header_2_text_color=&#8220;#ffffff&#8220; header_2_letter_spacing=&#8220;4px&#8220; header_2_line_height=&#8220;1.2em&#8220;]<\/p>\n<h2 style=\"text-align: left;\">Impressum<\/h2>\n<p>[\/et_pb_text][\/et_pb_column][\/et_pb_row][\/et_pb_section][et_pb_section bb_built=&#8220;1&#8243; admin_label=&#8220;Publications&#8220; _builder_version=&#8220;3.17.6&#8243; background_color_gradient_start=&#8220;#e8e8e8&#8243; background_color_gradient_end=&#8220;rgba(255,255,255,0.7)&#8220; background_color_gradient_overlays_image=&#8220;on&#8220; custom_margin=&#8220;|||&#8220; top_divider_color=&#8220;#f5f5f5&#8243; top_divider_flip=&#8220;vertical&#8220; top_divider_arrangement=&#8220;above_content&#8220; bottom_divider_style=&#8220;slant&#8220; bottom_divider_flip=&#8220;vertical&#8220; bottom_divider_arrangement=&#8220;above_content&#8220; locked=&#8220;off&#8220; prev_background_color=&#8220;#ffb356&#8243;][et_pb_row use_custom_width=&#8220;on&#8220; _builder_version=&#8220;3.6&#8243; animation_direction=&#8220;bottom&#8220;][et_pb_column type=&#8220;1_3&#8243;][et_pb_text admin_label=&#8220;Text Adresse&#8220; _builder_version=&#8220;3.19.1&#8243;]<\/p>\n<p><strong>Priv.-Doz. Dr. med. Uwe H. Ross<br \/><\/strong>Arzt f\u00fcr HNO-Heilkunde<br \/>Psychotherapie &#8211; Allergologie<\/p>\n<p>Luisenstrasse 6<br \/>D-79098 Freiburg i. Br.<\/p>\n<p>Fon +49 (0) 761 &#8211; 70 77 321<br \/>Fax +49 (0) 761 &#8211; 70 77 322<\/p>\n<p>E-Mail: <a href=\"mailto:dr-ross@web.de\">Dr-Ross@web.de<\/a><br \/>Internet: <a href=\"http:\/\/www.per-sono.de\">www.per-sono.de<\/a><\/p>\n<p>[\/et_pb_text][\/et_pb_column][et_pb_column type=&#8220;1_3&#8243;][et_pb_text _builder_version=&#8220;3.17.6&#8243; text_font=&#8220;Lato||||||||&#8220; text_font_size=&#8220;16px&#8220; text_line_height=&#8220;1.8em&#8220; link_font=&#8220;|700|||||||&#8220; link_text_color=&#8220;#ffffff&#8220; ul_line_height=&#8220;1.8em&#8220; header_2_font=&#8220;Lato|700|||||||&#8220; header_2_font_size=&#8220;30px&#8220; header_2_font_size_phone=&#8220;22px&#8220; header_2_font_size_last_edited=&#8220;on|phone&#8220; header_2_letter_spacing=&#8220;1px&#8220; header_2_line_height=&#8220;1.5em&#8220; custom_margin=&#8220;||0px|&#8220; animation_style=&#8220;slide&#8220; animation_direction=&#8220;bottom&#8220; animation_intensity_slide=&#8220;5%&#8220;]<\/p>\n<p><strong>T\u00e4tigkeitsschwerpunkte:<\/strong><\/p>\n<ul>\n<li>Tinnitus-Therapie<\/li>\n<li>Hypno-systemische Therapie &amp; Beratung<\/li>\n<li>Einzel- &amp; Team-Coaching<\/li>\n<li>Systemische Supervision<\/li>\n<\/ul>\n<p><strong>Berufsbezeichnung:<\/strong> <br \/>Arzt, verliehen in der Bundesrepublik Deutschland<\/p>\n<p>&nbsp;<\/p>\n<p>[\/et_pb_text][\/et_pb_column][et_pb_column type=&#8220;1_3&#8243;][et_pb_text _builder_version=&#8220;3.17.6&#8243; text_font=&#8220;Lato||||||||&#8220; text_font_size=&#8220;16px&#8220; text_line_height=&#8220;1.8em&#8220; link_font=&#8220;|700|||||||&#8220; link_text_color=&#8220;#ffffff&#8220; ul_line_height=&#8220;1.8em&#8220; header_2_font=&#8220;Lato|700|||||||&#8220; header_2_font_size=&#8220;30px&#8220; header_2_font_size_phone=&#8220;22px&#8220; header_2_font_size_last_edited=&#8220;on|phone&#8220; header_2_letter_spacing=&#8220;1px&#8220; header_2_line_height=&#8220;1.5em&#8220; custom_margin=&#8220;||0px|&#8220; animation_style=&#8220;slide&#8220; animation_direction=&#8220;bottom&#8220; animation_intensity_slide=&#8220;5%&#8220;]<\/p>\n<p><strong>Ausbildung:<\/strong><\/p>\n<ul>\n<li>Medizinische Hochschule Hannover und Universit\u00e4ts-HNO-Klinik Freiburg<\/li>\n<li>Langj\u00e4hrige Funktionen als Oberarzt sowie als Leitender Arzt der Tinnitus-Abteilung der Univ.-HNO-Klinik Freiburg<\/li>\n<li>Ausbildung in Verhaltenstherapie, Ericksonscher Hypnose, Business- &amp; Health-NLP, Organisationsberatung, Teamentwicklung &amp; Coaching<\/li>\n<\/ul>\n<p>[\/et_pb_text][\/et_pb_column][\/et_pb_row][et_pb_row][et_pb_column type=&#8220;4_4&#8243;][et_pb_divider _builder_version=&#8220;3.17.6&#8243; \/][\/et_pb_column][\/et_pb_row][et_pb_row use_custom_width=&#8220;on&#8220; _builder_version=&#8220;3.6&#8243; animation_direction=&#8220;bottom&#8220;][et_pb_column type=&#8220;1_2&#8243;][et_pb_text _builder_version=&#8220;3.17.6&#8243; text_font=&#8220;Lato||||||||&#8220; text_font_size=&#8220;16px&#8220; text_line_height=&#8220;1.8em&#8220; link_font=&#8220;|700|||||||&#8220; link_text_color=&#8220;#ffffff&#8220; ul_line_height=&#8220;1.8em&#8220; header_2_font=&#8220;Lato|700|||||||&#8220; header_2_font_size=&#8220;30px&#8220; header_2_font_size_phone=&#8220;22px&#8220; header_2_font_size_last_edited=&#8220;on|phone&#8220; header_2_letter_spacing=&#8220;1px&#8220; header_2_line_height=&#8220;1.5em&#8220; custom_margin=&#8220;||0px|&#8220; animation_style=&#8220;slide&#8220; animation_direction=&#8220;bottom&#8220; animation_intensity_slide=&#8220;5%&#8220;]<\/p>\n<p><strong>Zust\u00e4ndige Kammern:<\/strong><br \/>Bezirks\u00e4rztekammer S\u00fcdbaden<br \/>Landes\u00e4rztekammer Baden-W\u00fcrttemberg ( www.laek-bw.de )<\/p>\n<p><strong>Berufsrechtliche Regelungen:<br \/><\/strong>Berufsordnung der Landes\u00e4rztekammer Baden-W\u00fcrttemberg<br \/>( www.aerztekammer-bw.de )<\/p>\n<p><strong>Umsatzsteuer-Identifikationsnummer (USt-ID):<\/strong> <br \/>DE270356915<\/p>\n<p><strong>Inhaltlich Verantwortlicher:<\/strong> <br \/>PD Dr. med. Uwe Henning Ross, Luisenstr. 6, 79098 Freiburg<br \/>(weitere Adressdaten, siehe oben)<\/p>\n<p>[\/et_pb_text][\/et_pb_column][et_pb_column type=&#8220;1_2&#8243;][et_pb_text _builder_version=&#8220;3.17.6&#8243; text_font=&#8220;Lato||||||||&#8220; text_font_size=&#8220;16px&#8220; text_line_height=&#8220;1.8em&#8220; link_font=&#8220;|700|||||||&#8220; link_text_color=&#8220;#ffffff&#8220; ul_line_height=&#8220;1.8em&#8220; header_2_font=&#8220;Lato|700|||||||&#8220; header_2_font_size=&#8220;30px&#8220; header_2_font_size_phone=&#8220;22px&#8220; header_2_font_size_last_edited=&#8220;on|phone&#8220; header_2_letter_spacing=&#8220;1px&#8220; header_2_line_height=&#8220;1.5em&#8220; custom_margin=&#8220;||0px|&#8220; animation_style=&#8220;slide&#8220; animation_direction=&#8220;bottom&#8220; animation_intensity_slide=&#8220;5%&#8220;]<\/p>\n<p><strong>Bitte beachten Sie: <br \/><\/strong>Die Informationen dieser Seiten sind kein Ersatz f\u00fcr eine professionelle Beratung oder Behandlung. Der Inhalt darf nicht verwendet werden, um eigenst\u00e4ndig Diagnosen zu stellen oder Selbstbehandlungen zu beginnen. Rechtsanspr\u00fcche k\u00f6nnen daraus nicht abgeleitet werden.<\/p>\n<p><strong>Streitschlichtung: <br \/><\/strong>Wir sind nicht bereit oder verpflichtet, an Streitbeilegungsverfahren vor einer Verbraucherschlichtungsstelle teilzunehmen.<\/p>\n<p><strong>Haftungshinweis: <br \/><\/strong>Trotz sorgf\u00e4ltiger inhaltlicher Kontrolle \u00fcbernehmen wir keine Haftung f\u00fcr die Inhalte externer Links. Aus diesem Grunde distanzieren wir uns hiermit ausdr\u00fccklich von allen Inhalten gelinkter Seiten und machen uns ihre Inhalte nicht zu Eigen. Diese Erkl\u00e4rung gilt f\u00fcr alle Links und f\u00fcr alle Inhalte der Seiten, zu denen unsere Verlinkungen f\u00fchren. F\u00fcr den Inhalt der verlinkten Seiten sind ausschlie\u00dflich deren Betreiber verantwortlich.<\/p>\n<p>[\/et_pb_text][\/et_pb_column][\/et_pb_row][\/et_pb_section]<\/p>\n","protected":false},"excerpt":{"rendered":"<p>Impressum Priv.-Doz. Dr. med. Uwe H. RossArzt f\u00fcr HNO-HeilkundePsychotherapie &#8211; AllergologieLuisenstrasse 6D-79098 Freiburg i. Br.Fon +49 (0) 761 &#8211; 70 77 321Fax +49 (0) 761 &#8211; 70 77 322E-Mail: Dr-Ross@web.deInternet: www.per-sono.de T\u00e4tigkeitsschwerpunkte: Tinnitus-Therapie Hypno-systemische Therapie &amp; Beratung Einzel- &amp; Team-Coaching Systemische Supervision Berufsbezeichnung: Arzt, verliehen in der Bundesrepublik Deutschland &nbsp; Ausbildung: Medizinische Hochschule Hannover und [&hellip;]<\/p>\n","protected":false},"author":2,"featured_media":0,"parent":0,"menu_order":27,"comment_status":"closed","ping_status":"closed","template":"","meta":{"_et_pb_use_builder":"on","_et_pb_old_content":"","_et_gb_content_width":"","footnotes":""},"class_list":["post-74","page","type-page","status-publish","hentry"],"_links":{"self":[{"href":"https:\/\/www.hno-tinnitus-freiburg.de\/cms\/wp-json\/wp\/v2\/pages\/74","targetHints":{"allow":["GET"]}}],"collection":[{"href":"https:\/\/www.hno-tinnitus-freiburg.de\/cms\/wp-json\/wp\/v2\/pages"}],"about":[{"href":"https:\/\/www.hno-tinnitus-freiburg.de\/cms\/wp-json\/wp\/v2\/types\/page"}],"author":[{"embeddable":true,"href":"https:\/\/www.hno-tinnitus-freiburg.de\/cms\/wp-json\/wp\/v2\/users\/2"}],"replies":[{"embeddable":true,"href":"https:\/\/www.hno-tinnitus-freiburg.de\/cms\/wp-json\/wp\/v2\/comments?post=74"}],"version-history":[{"count":16,"href":"https:\/\/www.hno-tinnitus-freiburg.de\/cms\/wp-json\/wp\/v2\/pages\/74\/revisions"}],"predecessor-version":[{"id":1187,"href":"https:\/\/www.hno-tinnitus-freiburg.de\/cms\/wp-json\/wp\/v2\/pages\/74\/revisions\/1187"}],"wp:attachment":[{"href":"https:\/\/www.hno-tinnitus-freiburg.de\/cms\/wp-json\/wp\/v2\/media?parent=74"}],"curies":[{"name":"wp","href":"https:\/\/api.w.org\/{rel}","templated":true}]}}